{"id":13,"date":"2017-06-10T08:21:56","date_gmt":"2017-06-10T08:21:56","guid":{"rendered":"http:\/\/xtratheme.combuilding\/?page_id=4"},"modified":"2026-01-08T00:31:21","modified_gmt":"2026-01-07T21:31:21","slug":"balikesir-hurdaci","status":"publish","type":"page","link":"https:\/\/balikesirhurdaci.com.tr\/web\/","title":{"rendered":"Ana Sayfa"},"content":{"rendered":"<div class=\"wpb-content-wrapper\"><p>[vc_row][vc_column offset=&#8221;vc_col-lg-6&#8243;]<div class=\"cz_gap clr  hide_on_mobile\" style=\"height: 30px\"><\/div><div class=\"cz_gap show_on_mobile clr\" style=\"height: 50px\"><\/div><div id=\"cz_16604\" class=\"cz_16604 cz_title clr cz_title_pos_inline\"><div class=\"cz_title_shape shape_text cz_shape_1\">\u00d6zt\u00fcrk Metal<\/div><div class=\"cz_title_content\"><span class=\"cz_line_side_solo\">_<\/span><div class=\"cz_wpe_content\"><h1><span style=\"font-size: 40px;\">\u00d6zt\u00fcrk Metal <span style=\"color: #e10005;\">Geri D\u00f6n\u00fc\u015f\u00fcm<\/span><\/span><\/h1>\n<p><span style=\"color: #808080;\">Bal\u0131kesir Hurdac\u0131<\/span><\/p>\n<\/div><\/div><\/div>[vc_row_inner][vc_column_inner width=&#8221;1\/2&#8243;]<div id=\"cz_29593\" class=\"cz_29593 cz_title clr cz_title_has_icon cz_title_pos_inline\"><div class=\"cz_title_shape shape_text cz_shape_1\">01<\/div><div class=\"cz_title_content\"><i class=\"cz_title_icon_before fa fa-location-arrow\"><\/i><div class=\"cz_wpe_content\"><h4>Metal Hurda<\/h4>\n<\/div><\/div><\/div>[vc_column_text css=&#8221;&#8221;]<span style=\"color: #999999;\">Bal\u0131kesir \u00d6zt\u00fcrk Metal Hurdac\u0131l\u0131k olarak t\u00fcm metal hurdalar\u0131n\u0131z\u0131 en uygun fiyata al\u0131m sat\u0131m ve geri d\u00f6n\u00fc\u015f\u00fcm\u00fcn\u00fc sa\u011fl\u0131yoruz.<\/span>[\/vc_column_text]<div class=\"cz_gap clr  hide_on_mobile\" style=\"height: 20px\"><\/div><div class=\"cz_gap show_on_mobile clr\" style=\"height: 30px\"><\/div>[\/vc_column_inner][vc_column_inner width=&#8221;1\/2&#8243;]<div id=\"cz_36443\" class=\"cz_36443 cz_title clr cz_title_has_icon cz_title_pos_inline\"><div class=\"cz_title_shape shape_text cz_shape_1\">02<\/div><div class=\"cz_title_content\"><i class=\"cz_title_icon_before fa fa-location-arrow\"><\/i><div class=\"cz_wpe_content\"><h4>Hurda Elektrikli E\u015fya<\/h4>\n<\/div><\/div><\/div>[vc_column_text css=&#8221;&#8221;]<span style=\"color: #999999;\">Bal\u0131kesir \u00d6zt\u00fcrk Metal Hurdac\u0131l\u0131k olarak t\u00fcm eski beyaz e\u015fyalar\u0131n\u0131z\u0131 en uygun fiyata al\u0131m sat\u0131m ve geri d\u00f6n\u00fc\u015f\u00fcm\u00fcn\u00fc sa\u011fl\u0131yoruz.<\/span>[\/vc_column_text]<div class=\"cz_gap clr  hide_on_mobile\" style=\"height: 20px\"><\/div><div class=\"cz_gap show_on_mobile clr\" style=\"height: 30px\"><\/div>[\/vc_column_inner][\/vc_row_inner][vc_row_inner][vc_column_inner width=&#8221;1\/2&#8243;]<div id=\"cz_74107\" class=\"cz_74107 cz_title clr cz_title_has_icon cz_title_pos_inline\"><div class=\"cz_title_shape shape_text cz_shape_1\">03<\/div><div class=\"cz_title_content\"><i class=\"cz_title_icon_before fa fa-location-arrow\"><\/i><div class=\"cz_wpe_content\"><h4>PVC &amp; Plastik<\/h4>\n<\/div><\/div><\/div>[vc_column_text css=&#8221;&#8221;]<span style=\"color: #999999;\">Bal\u0131kesir \u00d6zt\u00fcrk Metal Hurdac\u0131l\u0131k PVC ve T\u00fcm Plastik \u00fcr\u00fcnlerini en uygun fiyata al\u0131m sat\u0131m ve geri d\u00f6n\u00fc\u015f\u00fcm\u00fcn\u00fc sa\u011fl\u0131yoruz.<\/span>[\/vc_column_text]<div class=\"cz_gap clr  hide_on_tablet hide_on_mobile\" style=\"height: 0px\"><\/div><div class=\"cz_gap show_on_tablet clr  show_only_tablet\" style=\"height: 0px\"><\/div><div class=\"cz_gap show_on_mobile clr\" style=\"height: 30px\"><\/div>[\/vc_column_inner][vc_column_inner width=&#8221;1\/2&#8243;]<div id=\"cz_104272\" class=\"cz_104272 cz_title clr cz_title_has_icon cz_title_pos_inline\"><div class=\"cz_title_shape shape_text cz_shape_1\">04<\/div><div class=\"cz_title_content\"><i class=\"cz_title_icon_before fa fa-location-arrow\"><\/i><div class=\"cz_wpe_content\"><h4>Ara\u00e7 Hurdas\u0131<\/h4>\n<\/div><\/div><\/div>[vc_column_text css=&#8221;&#8221;]<span style=\"color: #999999;\">Bal\u0131kesir \u00d6zt\u00fcrk Metal Hurdac\u0131l\u0131k ara\u00e7lar\u0131n motor ve par\u00e7alar\u0131 en uygun fiyata al\u0131m sat\u0131m ve geri d\u00f6n\u00fc\u015f\u00fcm\u00fcn\u00fc sa\u011fl\u0131yoruz.<\/span>[\/vc_column_text][\/vc_column_inner][\/vc_row_inner][\/vc_column][vc_column offset=&#8221;vc_col-lg-6&#8243;]<div class=\"xtra-custom-video-parent\"><div id=\"cz_46581\" class=\"cz_46581 cz_video_popup clr cz_video_popup_c\"><div><div class=\"cz_vp_c\"><a href=\"\" data-html=\"#cz_46581_mp4\"><img loading=\"lazy\" decoding=\"async\" width=\"1000\" height=\"1000\" src=\"https:\/\/balikesirhurdaci.com.tr\/web\/wp-content\/uploads\/2026\/01\/Ozturk.jpg\" class=\"attachment-full\" alt=\"\u00d6zt\u00fcrk\" srcset=\"https:\/\/balikesirhurdaci.com.tr\/web\/wp-content\/uploads\/2026\/01\/Ozturk.jpg 1000w, https:\/\/balikesirhurdaci.com.tr\/web\/wp-content\/uploads\/2026\/01\/Ozturk-300x300.jpg 300w, https:\/\/balikesirhurdaci.com.tr\/web\/wp-content\/uploads\/2026\/01\/Ozturk-150x150.jpg 150w, https:\/\/balikesirhurdaci.com.tr\/web\/wp-content\/uploads\/2026\/01\/Ozturk-768x768.jpg 768w, https:\/\/balikesirhurdaci.com.tr\/web\/wp-content\/uploads\/2026\/01\/Ozturk-600x600.jpg 600w, https:\/\/balikesirhurdaci.com.tr\/web\/wp-content\/uploads\/2026\/01\/Ozturk-100x100.jpg 100w\" sizes=\"auto, (max-width: 1000px) 100vw, 1000px\" loading=\"lazy\" \/><div class=\"cz_vp_inner\"><span><i class=\"fa fa-play\"><\/i><\/span><\/div><\/a><\/div><\/div><\/div><div style=\"display:none;\" id=\"cz_46581_mp4\"><video class=\"lg-video-object lg-html5\" controls=\"\" preload=\"metadata\"><source src=\"https:\/\/balikesirhurdaci.com.tr\/web\/wp-content\/uploads\/2026\/01\/Ozturk.mp4\" type=\"video\/mp4\">Your browser does not support HTML5 video.<\/video><\/div><\/div>[\/vc_column][\/vc_row][vc_row full_width=&#8221;stretch_row&#8221; css=&#8221;.vc_custom_1498826509660{background-color: #e10005 !important;}&#8221;][vc_column]<div class=\"cz_gap clr  hide_on_mobile\" style=\"height: 130px\"><\/div><div class=\"cz_gap show_on_mobile clr\" style=\"height: 130px\"><\/div><div class=\"cz_gap clr  hide_on_tablet hide_on_mobile\" style=\"height: 0px\"><\/div><div class=\"cz_gap show_on_tablet clr  show_only_tablet\" style=\"height: 20px\"><\/div><div class=\"cz_gap show_on_mobile clr\" style=\"height: 20px\"><\/div>[\/vc_column][\/vc_row][vc_row][vc_column]<div class=\"cz_gap clr  hide_on_tablet hide_on_mobile\" style=\"height: 150px\"><\/div><div class=\"cz_gap show_on_tablet clr  show_only_tablet\" style=\"height: 100px\"><\/div><div class=\"cz_gap show_on_mobile clr\" style=\"height: 80px\"><\/div>[\/vc_column][\/vc_row][vc_row][vc_column offset=&#8221;vc_col-lg-6&#8243; el_class=&#8221;z9&#8243;]<div class=\"xtra-custom-video-parent\"><div id=\"cz_61607\" class=\"cz_61607 cz_video_popup clr cz_video_popup_c\"><div><div class=\"cz_vp_c\"><a href=\"\" data-html=\"#cz_61607_mp4\"><img loading=\"lazy\" decoding=\"async\" width=\"1600\" height=\"700\" src=\"https:\/\/balikesirhurdaci.com.tr\/web\/wp-content\/uploads\/2022\/12\/slayt1.jpg\" class=\"attachment-full\" alt=\"Slayt1\" title=\"slayt1\" srcset=\"https:\/\/balikesirhurdaci.com.tr\/web\/wp-content\/uploads\/2022\/12\/slayt1.jpg 1600w, https:\/\/balikesirhurdaci.com.tr\/web\/wp-content\/uploads\/2022\/12\/slayt1-300x131.jpg 300w, https:\/\/balikesirhurdaci.com.tr\/web\/wp-content\/uploads\/2022\/12\/slayt1-1024x448.jpg 1024w, https:\/\/balikesirhurdaci.com.tr\/web\/wp-content\/uploads\/2022\/12\/slayt1-768x336.jpg 768w, https:\/\/balikesirhurdaci.com.tr\/web\/wp-content\/uploads\/2022\/12\/slayt1-1536x672.jpg 1536w, https:\/\/balikesirhurdaci.com.tr\/web\/wp-content\/uploads\/2022\/12\/slayt1-600x263.jpg 600w\" sizes=\"auto, (max-width: 1600px) 100vw, 1600px\" loading=\"lazy\" \/><div class=\"cz_vp_inner\"><span><i class=\"fa fa-play\"><\/i><\/span><h4>\u015eantiye Hurda Al\u0131m Videolar\u0131m\u0131z<\/h4><\/div><\/a><\/div><\/div><\/div><div style=\"display:none;\" id=\"cz_61607_mp4\"><video class=\"lg-video-object lg-html5\" controls=\"\" preload=\"metadata\"><source src=\"https:\/\/balikesirhurdaci.com.tr\/web\/wp-content\/uploads\/2026\/01\/WhatsApp-Video-2025-12-28-at-21.05.53.mp4\" type=\"video\/mp4\">Your browser does not support HTML5 video.<\/video><\/div><\/div>[\/vc_column][vc_column offset=&#8221;vc_col-lg-6&#8243; el_class=&#8221;z1&#8243;]<div id=\"cz_70954\" class=\"cz_70954 cz_title clr cz_title_pos_inline\"><div class=\"cz_title_shape shape_text cz_shape_1\">Neden Biz?<\/div><div class=\"cz_title_content\"><span class=\"cz_line_side_solo\">_<\/span><div class=\"cz_wpe_content\"><h3><span style=\"font-size: 40px;\">Neden <span style=\"color: #e10005;\">Biz <\/span>?<\/span><\/h3>\n<p><span style=\"color: #808080;\">Bizi tercih etmeniz i\u00e7in Birka\u00e7 Sebep.<\/span><\/p>\n<\/div><\/div><\/div>[vc_column_text css=&#8221;.vc_custom_1739520776848{margin-bottom: 25px !important;}&#8221;]- Biz, \u00d6zt\u00fcrk Geri D\u00f6n\u00fc\u015f\u00fcm olarak, Bal\u0131kesir hurda ve geri d\u00f6n\u00fc\u015f\u00fcm hizmetleri konusunda deneyimli ve profesyonel bir firmay\u0131z. 45 y\u0131ll\u0131k tecr\u00fcbemiz ile sekt\u00f6rde faaliyet g\u00f6steriyoruz ve binlerce m\u00fc\u015fterimize hizmet verdik.<br \/>\n&#8211; Biz, Bal\u0131kesir Hurdac\u0131 olarak, hurda ve geri d\u00f6n\u00fc\u015f\u00fcm hizmetleri konusunda \u00e7e\u015fitli ve kaliteli se\u00e7enekler sunuyoruz. Demir, \u00e7elik, al\u00fcminyum, bak\u0131r, plastik, ka\u011f\u0131t, karton, cam, tekstil, elektronik at\u0131k gibi bir\u00e7ok farkl\u0131 malzemenin toplanmas\u0131, ayr\u0131\u015ft\u0131r\u0131lmas\u0131, i\u015flenmesi ve de\u011ferlendirilmesi konusunda uzman\u0131z.[\/vc_column_text][vc_row_inner][vc_column_inner width=&#8221;1\/2&#8243;]<div class=\"clr\"><ul id=\"cz_42448\" class=\"cz_42448 cz_stylish_list clr cz_sl_icon_hover_zoom_out\"><li class=\"clr\"><div class=\"cz_sl_icon\"><i class=\"fa fa-check mr10\"><\/i><\/div><div><span>Uygun Fiyat<\/span><\/div><\/li><li class=\"clr\"><div class=\"cz_sl_icon\"><i class=\"fa fa-check mr10\"><\/i><\/div><div><span>G\u00fcvenilir & Kaliteli<\/span><\/div><\/li><\/ul><\/div>[\/vc_column_inner][vc_column_inner width=&#8221;1\/2&#8243;]<div class=\"clr\"><ul id=\"cz_106966\" class=\"cz_106966 cz_stylish_list clr cz_sl_icon_hover_zoom_out\"><li class=\"clr\"><div class=\"cz_sl_icon\"><i class=\"fa fa-check mr10\"><\/i><\/div><div><span>Tecr\u00fcbeli Personel<\/span><\/div><\/li><li class=\"clr\"><div class=\"cz_sl_icon\"><i class=\"fa fa-check mr10\"><\/i><\/div><div><span>Vizyon Sahibi<\/span><\/div><\/li><\/ul><\/div>[\/vc_column_inner][\/vc_row_inner]<div class=\"\"><div class=\"cz_33812_p\"><a id=\"cz_33812\" class=\"cz_33812 cz_btn cz_btn_txt_move_up cz_btn_no_fx cz_mobile_btn_center\" href=\"https:\/\/balikesirhurdaci.com.tr\/web\/balikesir-hurdaci-ozturk-metal-geri-donusum-3\/\"><span><i class=\"fa fa-angle-right\"><\/i><strong>Hakk\u0131m\u0131zda<\/strong><\/span><b class=\"cz_btn_onhover\"><i class=\"fa fa-angle-right\"><\/i><strong>Hakk\u0131m\u0131zda<\/strong><\/b><\/a><\/div><\/div>[\/vc_column][\/vc_row][vc_row][vc_column]<div class=\"cz_gap clr \" style=\"height: 25px\"><\/div>[vc_separator]<div class=\"cz_gap clr  hide_on_tablet hide_on_mobile\" style=\"height: 50px\"><\/div><div class=\"cz_gap show_on_tablet clr \" style=\"height: 25px\"><\/div>[\/vc_column][\/vc_row][vc_row][vc_column offset=&#8221;vc_col-lg-6&#8243;]<div id=\"cz_14431\" class=\"cz_14431 cz_title clr cz_title_pos_inline\"><div class=\"cz_title_shape shape_text cz_shape_1\">Biz Kimiz?<\/div><div class=\"cz_title_content\"><span class=\"cz_line_side_solo\">_<\/span><div class=\"cz_wpe_content\"><h3><span style=\"font-size: 40px;\">Biz <span style=\"color: #e10005;\">Kimiz <\/span>?<\/span><\/h3>\n<p><span style=\"color: #808080;\">Ge\u00e7mi\u015ften gelece\u011fe aktard\u0131\u011f\u0131m\u0131z tecr\u00fcbe..<\/span><\/p>\n<\/div><\/div><\/div>[vc_column_text css=&#8221;&#8221;]Biz, \u00d6zt\u00fcrk Geri D\u00f6n\u00fc\u015f\u00fcm olarak, Bal\u0131kesir Hurda alan\u0131nda T\u00fcrkiye&#8217;nin \u00f6nde gelen hurda ve geri d\u00f6n\u00fc\u015f\u00fcm hizmetleri sa\u011flay\u0131c\u0131lar\u0131ndan biriyiz. 40 y\u0131ll\u0131k tecr\u00fcbesi olan firmam\u0131z, \u00e7evre dostu, ekonomik ve kaliteli \u00e7\u00f6z\u00fcmler sunmak i\u00e7in \u00e7al\u0131\u015fmaktad\u0131r.<br \/>\nBal\u0131kesir Hurdac\u0131 olarak , demir, \u00e7elik, al\u00fcminyum, bak\u0131r, plastik, ka\u011f\u0131t, karton, cam, tekstil, elektronik at\u0131k gibi bir\u00e7ok farkl\u0131 malzemenin toplanmas\u0131, ayr\u0131\u015ft\u0131r\u0131lmas\u0131, i\u015flenmesi ve de\u011ferlendirilmesi konusunda uzmanla\u015fm\u0131\u015f bir ekibe sahibiz. M\u00fc\u015fterilerimizin ihtiya\u00e7lar\u0131na g\u00f6re \u00f6zel hizmetler de sunuyoruz.<br \/>\n\u00d6zt\u00fcrk Geri D\u00f6n\u00fc\u015f\u00fcm, Bal\u0131kesir Hurda Al\u0131m\u0131 ve \u00e7evre koruma bilinciyle hareket eden bir firmad\u0131r. Hurda ve geri d\u00f6n\u00fc\u015f\u00fcm hizmetleri sayesinde, do\u011fal kaynaklar\u0131n verimli kullan\u0131lmas\u0131na, enerji tasarrufuna, karbon sal\u0131n\u0131m\u0131n\u0131n azalt\u0131lmas\u0131na ve at\u0131k y\u00f6netiminin iyile\u015ftirilmesine katk\u0131da bulunuyoruz.<br \/>\n\u00d6zt\u00fcrk Geri D\u00f6n\u00fc\u015f\u00fcm Bal\u0131kesir Hurdac\u0131 olarak, m\u00fc\u015fteri memnuniyetini \u00f6n planda tutan bir firmad\u0131r. Hurda ve geri d\u00f6n\u00fc\u015f\u00fcm hizmetlerimiz i\u00e7in rekabet\u00e7i fiyatlar, h\u0131zl\u0131 teslimat, g\u00fcvenli nakliye, profesyonel dan\u0131\u015fmanl\u0131k ve kalite garantisi sunuyoruz.<br \/>\n\u00d6zt\u00fcrk Geri D\u00f6n\u00fc\u015f\u00fcm Bal\u0131kesir Hurdac\u0131 olarak, sekt\u00f6rdeki yenilikleri ve geli\u015fmeleri takip eden bir firmad\u0131r. Hurda ve geri d\u00f6n\u00fc\u015f\u00fcm hizmetlerimizi s\u00fcrekli geli\u015ftiriyor, teknolojiyi ve standartlar\u0131 yak\u0131ndan izliyor, ekipmanlar\u0131m\u0131z\u0131 ve personelimizi e\u011fitiyoruz.<br \/>\n\u00d6zt\u00fcrk Geri D\u00f6n\u00fc\u015f\u00fcm Bal\u0131kesir Hurdac\u0131 olarak, hurda ve geri d\u00f6n\u00fc\u015f\u00fcm hizmetleri konusunda g\u00fcvenilir bir partnerinizdir. Bize ula\u015f\u0131n, \u00e7\u00f6z\u00fcm orta\u011f\u0131n\u0131z olal\u0131m.[\/vc_column_text][vc_row_inner][vc_column_inner width=&#8221;1\/3&#8243;][\/vc_column_inner][vc_column_inner width=&#8221;1\/3&#8243;][\/vc_column_inner][vc_column_inner width=&#8221;1\/3&#8243;][\/vc_column_inner][\/vc_row_inner]<div class=\"cz_gap clr  hide_on_tablet hide_on_mobile\" style=\"height: 0px\"><\/div><div class=\"cz_gap show_on_tablet clr  show_only_tablet\" style=\"height: 100px\"><\/div><div class=\"cz_gap show_on_mobile clr\" style=\"height: 70px\"><\/div>[\/vc_column][vc_column offset=&#8221;vc_col-lg-6&#8243;]<div id=\"cz_14597\" data-position=\"top-right\" class=\"cz_14597 cz_image clr cz_image_no_fx center_on_mobile\"><div class=\"\" ><div class=\"cz_image_in\"><div class=\"cz_main_image\"><img fetchpriority=\"high\" fetchpriority=\"high\" loading=\"eager\" decoding=\"sync\" data-no-lazy=\"1\" width=\"486\" height=\"700\" src=\"https:\/\/balikesirhurdaci.com.tr\/web\/wp-content\/uploads\/2022\/12\/sag1.jpg\" class=\"attachment-full\" alt=\"Sag1\" title=\"sag1\" srcset=\"https:\/\/balikesirhurdaci.com.tr\/web\/wp-content\/uploads\/2022\/12\/sag1.jpg 486w, https:\/\/balikesirhurdaci.com.tr\/web\/wp-content\/uploads\/2022\/12\/sag1-208x300.jpg 208w\" sizes=\"(max-width: 486px) 100vw, 486px\"  \/><\/div><\/div><\/div><\/div>[\/vc_column][\/vc_row][vc_row full_width=&#8221;stretch_row&#8221; css=&#8221;.vc_custom_1498841417972{background-color: #f5f5f5 !important;}&#8221;][vc_column]<div class=\"cz_gap clr  hide_on_tablet hide_on_mobile\" style=\"height: 0px\"><\/div><div class=\"cz_gap show_on_tablet clr  show_only_tablet\" style=\"height: 50px\"><\/div><div class=\"cz_gap show_on_mobile clr\" style=\"height: 40px\"><\/div>[\/vc_column][\/vc_row][vc_row][vc_column][vc_separator][\/vc_column][\/vc_row]<\/p>\n<\/div>","protected":false},"excerpt":{"rendered":"<p>[vc_row][vc_column offset=&#8221;vc_col-lg-6&#8243;][vc_row_inner][vc_column_inner width=&#8221;1\/2&#8243;][vc_column_text css=&#8221;&#8221;]Bal\u0131kesir \u00d6zt\u00fcrk Metal Hurdac\u0131l\u0131k olarak t\u00fcm metal hurdalar\u0131n\u0131z\u0131 &#8230; <\/p>\n","protected":false},"author":1,"featured_media":0,"parent":0,"menu_order":0,"comment_status":"closed","ping_status":"closed","template":"","meta":{"footnotes":""},"class_list":["post-13","page","type-page","status-publish","hentry"],"yoast_head":"<!-- This site is optimized with the Yoast SEO plugin v26.8 - https:\/\/yoast.com\/product\/yoast-seo-wordpress\/ -->\n<title>Bal\u0131kesir Hurdac\u0131, \u00d6zt\u00fcrk Metal Geri D\u00f6n\u00fc\u015f\u00fcm, Hurdac\u0131 Bal\u0131kesir<\/title>\n<meta name=\"description\" content=\"Bal\u0131kesir Hurdac\u0131, \u00d6zt\u00fcrk Metal Geri D\u00f6n\u00fc\u015f\u00fcm, Hurdac\u0131 Bal\u0131kesir, Bal\u0131kesir Hurdac\u0131lar\u0131, Bak\u0131r Hurda, Sar\u0131 Hurda, Nikel Hurda, Nikel Hurda\" \/>\n<meta name=\"robots\" content=\"index, follow, max-snippet:-1, max-image-preview:large, max-video-preview:-1\" \/>\n<link rel=\"canonical\" href=\"https:\/\/balikesirhurdaci.com.tr\/web\/\" \/>\n<meta property=\"og:locale\" content=\"tr_TR\" \/>\n<meta property=\"og:type\" content=\"article\" \/>\n<meta property=\"og:title\" content=\"Bal\u0131kesir Hurdac\u0131, \u00d6zt\u00fcrk Metal Geri D\u00f6n\u00fc\u015f\u00fcm, Hurdac\u0131 Bal\u0131kesir\" \/>\n<meta property=\"og:description\" content=\"Bal\u0131kesir Hurdac\u0131, \u00d6zt\u00fcrk Metal Geri D\u00f6n\u00fc\u015f\u00fcm, Hurdac\u0131 Bal\u0131kesir, Bal\u0131kesir Hurdac\u0131lar\u0131, Bak\u0131r Hurda, Sar\u0131 Hurda, Nikel Hurda, Nikel Hurda\" \/>\n<meta property=\"og:url\" content=\"https:\/\/balikesirhurdaci.com.tr\/web\/\" \/>\n<meta property=\"og:site_name\" content=\"\u00d6zt\u00fcrk Metal Geri D\u00f6n\u00fc\u015f\u00fcm\" \/>\n<meta property=\"article:publisher\" content=\"https:\/\/www.facebook.com\/people\/zturk-metal-ve-hurdalk\/100045541495638\/\" \/>\n<meta property=\"article:modified_time\" content=\"2026-01-07T21:31:21+00:00\" \/>\n<meta property=\"og:image\" content=\"https:\/\/balikesirhurdaci.com.tr\/web\/wp-content\/uploads\/2022\/12\/logoom.png\" \/>\n\t<meta property=\"og:image:width\" content=\"250\" \/>\n\t<meta property=\"og:image:height\" content=\"100\" \/>\n\t<meta property=\"og:image:type\" content=\"image\/png\" \/>\n<meta name=\"twitter:card\" content=\"summary_large_image\" \/>\n<meta name=\"twitter:label1\" content=\"Tahmini okuma s\u00fcresi\" \/>\n\t<meta name=\"twitter:data1\" content=\"4 dakika\" \/>\n<script type=\"application\/ld+json\" class=\"yoast-schema-graph\">{\"@context\":\"https:\/\/schema.org\",\"@graph\":[{\"@type\":\"WebPage\",\"@id\":\"https:\/\/balikesirhurdaci.com.tr\/web\/\",\"url\":\"https:\/\/balikesirhurdaci.com.tr\/web\/\",\"name\":\"Bal\u0131kesir Hurdac\u0131, \u00d6zt\u00fcrk Metal Geri D\u00f6n\u00fc\u015f\u00fcm, Hurdac\u0131 Bal\u0131kesir\",\"isPartOf\":{\"@id\":\"https:\/\/balikesirhurdaci.com.tr\/web\/#website\"},\"datePublished\":\"2017-06-10T08:21:56+00:00\",\"dateModified\":\"2026-01-07T21:31:21+00:00\",\"description\":\"Bal\u0131kesir Hurdac\u0131, \u00d6zt\u00fcrk Metal Geri D\u00f6n\u00fc\u015f\u00fcm, Hurdac\u0131 Bal\u0131kesir, Bal\u0131kesir Hurdac\u0131lar\u0131, Bak\u0131r Hurda, Sar\u0131 Hurda, Nikel Hurda, Nikel Hurda\",\"breadcrumb\":{\"@id\":\"https:\/\/balikesirhurdaci.com.tr\/web\/#breadcrumb\"},\"inLanguage\":\"tr\",\"potentialAction\":[{\"@type\":\"ReadAction\",\"target\":[\"https:\/\/balikesirhurdaci.com.tr\/web\/\"]}]},{\"@type\":\"BreadcrumbList\",\"@id\":\"https:\/\/balikesirhurdaci.com.tr\/web\/#breadcrumb\",\"itemListElement\":[{\"@type\":\"ListItem\",\"position\":1,\"name\":\"Home\",\"item\":\"https:\/\/balikesirhurdaci.com.tr\/web\/\"},{\"@type\":\"ListItem\",\"position\":2,\"name\":\"Ana Sayfa\"}]},{\"@type\":\"WebSite\",\"@id\":\"https:\/\/balikesirhurdaci.com.tr\/web\/#website\",\"url\":\"https:\/\/balikesirhurdaci.com.tr\/web\/\",\"name\":\"\u00d6zt\u00fcrk Metal Geri D\u00f6n\u00fc\u015f\u00fcm - Bal\u0131kesir Hurdac\u0131\",\"description\":\"\",\"publisher\":{\"@id\":\"https:\/\/balikesirhurdaci.com.tr\/web\/#organization\"},\"potentialAction\":[{\"@type\":\"SearchAction\",\"target\":{\"@type\":\"EntryPoint\",\"urlTemplate\":\"https:\/\/balikesirhurdaci.com.tr\/web\/?s={search_term_string}\"},\"query-input\":{\"@type\":\"PropertyValueSpecification\",\"valueRequired\":true,\"valueName\":\"search_term_string\"}}],\"inLanguage\":\"tr\"},{\"@type\":\"Organization\",\"@id\":\"https:\/\/balikesirhurdaci.com.tr\/web\/#organization\",\"name\":\"Bal\u0131kesir Hurdac\u0131\",\"url\":\"https:\/\/balikesirhurdaci.com.tr\/web\/\",\"logo\":{\"@type\":\"ImageObject\",\"inLanguage\":\"tr\",\"@id\":\"https:\/\/balikesirhurdaci.com.tr\/web\/#\/schema\/logo\/image\/\",\"url\":\"https:\/\/balikesirhurdaci.com.tr\/web\/wp-content\/uploads\/2022\/12\/logoom.png\",\"contentUrl\":\"https:\/\/balikesirhurdaci.com.tr\/web\/wp-content\/uploads\/2022\/12\/logoom.png\",\"width\":250,\"height\":100,\"caption\":\"Bal\u0131kesir Hurdac\u0131\"},\"image\":{\"@id\":\"https:\/\/balikesirhurdaci.com.tr\/web\/#\/schema\/logo\/image\/\"},\"sameAs\":[\"https:\/\/www.facebook.com\/people\/zturk-metal-ve-hurdalk\/100045541495638\/\"]}]}<\/script>\n<!-- \/ Yoast SEO plugin. -->","yoast_head_json":{"title":"Bal\u0131kesir Hurdac\u0131, \u00d6zt\u00fcrk Metal Geri D\u00f6n\u00fc\u015f\u00fcm, Hurdac\u0131 Bal\u0131kesir","description":"Bal\u0131kesir Hurdac\u0131, \u00d6zt\u00fcrk Metal Geri D\u00f6n\u00fc\u015f\u00fcm, Hurdac\u0131 Bal\u0131kesir, Bal\u0131kesir Hurdac\u0131lar\u0131, Bak\u0131r Hurda, Sar\u0131 Hurda, Nikel Hurda, Nikel Hurda","robots":{"index":"index","follow":"follow","max-snippet":"max-snippet:-1","max-image-preview":"max-image-preview:large","max-video-preview":"max-video-preview:-1"},"canonical":"https:\/\/balikesirhurdaci.com.tr\/web\/","og_locale":"tr_TR","og_type":"article","og_title":"Bal\u0131kesir Hurdac\u0131, \u00d6zt\u00fcrk Metal Geri D\u00f6n\u00fc\u015f\u00fcm, Hurdac\u0131 Bal\u0131kesir","og_description":"Bal\u0131kesir Hurdac\u0131, \u00d6zt\u00fcrk Metal Geri D\u00f6n\u00fc\u015f\u00fcm, Hurdac\u0131 Bal\u0131kesir, Bal\u0131kesir Hurdac\u0131lar\u0131, Bak\u0131r Hurda, Sar\u0131 Hurda, Nikel Hurda, Nikel Hurda","og_url":"https:\/\/balikesirhurdaci.com.tr\/web\/","og_site_name":"\u00d6zt\u00fcrk Metal Geri D\u00f6n\u00fc\u015f\u00fcm","article_publisher":"https:\/\/www.facebook.com\/people\/zturk-metal-ve-hurdalk\/100045541495638\/","article_modified_time":"2026-01-07T21:31:21+00:00","og_image":[{"width":250,"height":100,"url":"https:\/\/balikesirhurdaci.com.tr\/web\/wp-content\/uploads\/2022\/12\/logoom.png","type":"image\/png"}],"twitter_card":"summary_large_image","twitter_misc":{"Tahmini okuma s\u00fcresi":"4 dakika"},"schema":{"@context":"https:\/\/schema.org","@graph":[{"@type":"WebPage","@id":"https:\/\/balikesirhurdaci.com.tr\/web\/","url":"https:\/\/balikesirhurdaci.com.tr\/web\/","name":"Bal\u0131kesir Hurdac\u0131, \u00d6zt\u00fcrk Metal Geri D\u00f6n\u00fc\u015f\u00fcm, Hurdac\u0131 Bal\u0131kesir","isPartOf":{"@id":"https:\/\/balikesirhurdaci.com.tr\/web\/#website"},"datePublished":"2017-06-10T08:21:56+00:00","dateModified":"2026-01-07T21:31:21+00:00","description":"Bal\u0131kesir Hurdac\u0131, \u00d6zt\u00fcrk Metal Geri D\u00f6n\u00fc\u015f\u00fcm, Hurdac\u0131 Bal\u0131kesir, Bal\u0131kesir Hurdac\u0131lar\u0131, Bak\u0131r Hurda, Sar\u0131 Hurda, Nikel Hurda, Nikel Hurda","breadcrumb":{"@id":"https:\/\/balikesirhurdaci.com.tr\/web\/#breadcrumb"},"inLanguage":"tr","potentialAction":[{"@type":"ReadAction","target":["https:\/\/balikesirhurdaci.com.tr\/web\/"]}]},{"@type":"BreadcrumbList","@id":"https:\/\/balikesirhurdaci.com.tr\/web\/#breadcrumb","itemListElement":[{"@type":"ListItem","position":1,"name":"Home","item":"https:\/\/balikesirhurdaci.com.tr\/web\/"},{"@type":"ListItem","position":2,"name":"Ana Sayfa"}]},{"@type":"WebSite","@id":"https:\/\/balikesirhurdaci.com.tr\/web\/#website","url":"https:\/\/balikesirhurdaci.com.tr\/web\/","name":"\u00d6zt\u00fcrk Metal Geri D\u00f6n\u00fc\u015f\u00fcm - Bal\u0131kesir Hurdac\u0131","description":"","publisher":{"@id":"https:\/\/balikesirhurdaci.com.tr\/web\/#organization"},"potentialAction":[{"@type":"SearchAction","target":{"@type":"EntryPoint","urlTemplate":"https:\/\/balikesirhurdaci.com.tr\/web\/?s={search_term_string}"},"query-input":{"@type":"PropertyValueSpecification","valueRequired":true,"valueName":"search_term_string"}}],"inLanguage":"tr"},{"@type":"Organization","@id":"https:\/\/balikesirhurdaci.com.tr\/web\/#organization","name":"Bal\u0131kesir Hurdac\u0131","url":"https:\/\/balikesirhurdaci.com.tr\/web\/","logo":{"@type":"ImageObject","inLanguage":"tr","@id":"https:\/\/balikesirhurdaci.com.tr\/web\/#\/schema\/logo\/image\/","url":"https:\/\/balikesirhurdaci.com.tr\/web\/wp-content\/uploads\/2022\/12\/logoom.png","contentUrl":"https:\/\/balikesirhurdaci.com.tr\/web\/wp-content\/uploads\/2022\/12\/logoom.png","width":250,"height":100,"caption":"Bal\u0131kesir Hurdac\u0131"},"image":{"@id":"https:\/\/balikesirhurdaci.com.tr\/web\/#\/schema\/logo\/image\/"},"sameAs":["https:\/\/www.facebook.com\/people\/zturk-metal-ve-hurdalk\/100045541495638\/"]}]}},"_links":{"self":[{"href":"https:\/\/balikesirhurdaci.com.tr\/web\/wp-json\/wp\/v2\/pages\/13","targetHints":{"allow":["GET"]}}],"collection":[{"href":"https:\/\/balikesirhurdaci.com.tr\/web\/wp-json\/wp\/v2\/pages"}],"about":[{"href":"https:\/\/balikesirhurdaci.com.tr\/web\/wp-json\/wp\/v2\/types\/page"}],"author":[{"embeddable":true,"href":"https:\/\/balikesirhurdaci.com.tr\/web\/wp-json\/wp\/v2\/users\/1"}],"replies":[{"embeddable":true,"href":"https:\/\/balikesirhurdaci.com.tr\/web\/wp-json\/wp\/v2\/comments?post=13"}],"version-history":[{"count":21,"href":"https:\/\/balikesirhurdaci.com.tr\/web\/wp-json\/wp\/v2\/pages\/13\/revisions"}],"predecessor-version":[{"id":1649,"href":"https:\/\/balikesirhurdaci.com.tr\/web\/wp-json\/wp\/v2\/pages\/13\/revisions\/1649"}],"wp:attachment":[{"href":"https:\/\/balikesirhurdaci.com.tr\/web\/wp-json\/wp\/v2\/media?parent=13"}],"curies":[{"name":"wp","href":"https:\/\/api.w.org\/{rel}","templated":true}]}}