{"id":14,"date":"2017-06-10T08:24:41","date_gmt":"2017-06-10T08:24:41","guid":{"rendered":"http:\/\/xtratheme.combuilding\/?page_id=6"},"modified":"2025-02-14T11:17:29","modified_gmt":"2025-02-14T08:17:29","slug":"balikesir-hurdaci-ozturk-metal-geri-donusum-3","status":"publish","type":"page","link":"https:\/\/balikesirhurdaci.com.tr\/web\/balikesir-hurdaci-ozturk-metal-geri-donusum-3\/","title":{"rendered":"Kurumsal"},"content":{"rendered":"<div class=\"wpb-content-wrapper\"><p>[vc_row][vc_column]<div class=\"cz_gap clr  hide_on_tablet hide_on_mobile\" style=\"height: 25px\"><\/div><div class=\"cz_gap show_on_tablet clr \" style=\"height: 50px\"><\/div>[\/vc_column][\/vc_row][vc_row][vc_column offset=&#8221;vc_col-lg-3 vc_col-md-3&#8243;]<div id=\"cz_64479\" data-position=\"top-right\" class=\"cz_64479 cz_image clr cz_image_no_fx center_on_mobile\"><div class=\"\" ><div class=\"cz_image_in\"><div class=\"cz_main_image\"><img fetchpriority=\"high\" fetchpriority=\"high\" loading=\"eager\" decoding=\"sync\" data-no-lazy=\"1\" width=\"270\" height=\"750\" src=\"https:\/\/balikesirhurdaci.com.tr\/web\/wp-content\/uploads\/2022\/12\/hakkimizdasol.jpg\" class=\"attachment-full\" alt=\"Hakkimizdasol\" title=\"hakkimizdasol\" srcset=\"https:\/\/balikesirhurdaci.com.tr\/web\/wp-content\/uploads\/2022\/12\/hakkimizdasol.jpg 270w, https:\/\/balikesirhurdaci.com.tr\/web\/wp-content\/uploads\/2022\/12\/hakkimizdasol-108x300.jpg 108w\" sizes=\"(max-width: 270px) 100vw, 270px\"  \/><\/div><\/div><\/div><\/div>[\/vc_column][vc_column offset=&#8221;vc_col-lg-9 vc_col-md-9&#8243;]<div class=\"cz_gap clr  hide_on_tablet hide_on_mobile\" style=\"height: 70px\"><\/div><div class=\"cz_gap show_on_tablet clr  show_only_tablet\" style=\"height: 20px\"><\/div><div class=\"cz_gap show_on_mobile clr\" style=\"height: 0px\"><\/div><div id=\"cz_79075\" class=\"cz_79075 cz_title clr cz_title_pos_inline\"><div class=\"cz_title_shape shape_text cz_shape_1\">\u00d6zt\u00fcrk Metal<\/div><div class=\"cz_title_content\"><span class=\"cz_line_side_solo\">_<\/span><div class=\"cz_wpe_content\"><h3><span style=\"font-size: 40px;\">Biz <span style=\"color: #e10005;\">Kimiz <\/span>?<\/span><\/h3>\n<p><span style=\"color: #808080;\">Bal\u0131kesir Hurdac\u0131, Hurdac\u0131 Bal\u0131kesir<\/span><\/p>\n<p><span style=\"color: #808080;\">Kaliteli, G\u00fcvenilir ve D\u00fcr\u00fcst Hizmet Anlay\u0131\u015f\u0131..<\/span><\/p>\n<\/div><\/div><\/div>[vc_column_text]- Biz, \u00d6zt\u00fcrk Geri D\u00f6n\u00fc\u015f\u00fcm olarak, bal\u0131kesir hurda ve geri d\u00f6n\u00fc\u015f\u00fcm hizmetleri konusunda deneyimli ve profesyonel bir firmay\u0131z. 45 y\u0131ll\u0131k tecr\u00fcbemiz ile sekt\u00f6rde faaliyet g\u00f6steriyoruz ve binlerce m\u00fc\u015fterimize hizmet verdik.<br \/>\n&#8211; Biz, \u00d6zt\u00fcrk Geri D\u00f6n\u00fc\u015f\u00fcm olarak, bal\u0131kesir hurda ve geri d\u00f6n\u00fc\u015f\u00fcm hizmetleri konusunda \u00e7e\u015fitli ve kaliteli se\u00e7enekler sunuyoruz. Demir, \u00e7elik, al\u00fcminyum, bak\u0131r, plastik, ka\u011f\u0131t, karton, cam, tekstil, elektronik at\u0131k gibi bir\u00e7ok farkl\u0131 malzemenin toplanmas\u0131, ayr\u0131\u015ft\u0131r\u0131lmas\u0131, i\u015flenmesi ve de\u011ferlendirilmesi konusunda uzman\u0131z.<br \/>\n&#8211; Biz, \u00d6zt\u00fcrk Geri D\u00f6n\u00fc\u015f\u00fcm olarak, bal\u0131kesir hurda ve geri d\u00f6n\u00fc\u015f\u00fcm hizmetleri konusunda uygun ve rekabet\u00e7i fiyatlar sunuyoruz. Hurda ve geri d\u00f6n\u00fc\u015f\u00fcm malzemelerinizin de\u011ferini en iyi \u015fekilde belirliyor, piyasa ko\u015fullar\u0131na g\u00f6re g\u00fcncel fiyatlarla al\u0131m ve sat\u0131m yap\u0131yoruz.<br \/>\n&#8211; Biz, \u00d6zt\u00fcrk Geri D\u00f6n\u00fc\u015f\u00fcm olarak, bal\u0131kesir hurda ve geri d\u00f6n\u00fc\u015f\u00fcm hizmetleri konusunda g\u00fcvenli ve h\u0131zl\u0131 bir \u015fekilde \u00e7al\u0131\u015f\u0131yoruz. Hurda ve geri d\u00f6n\u00fc\u015f\u00fcm malzemelerinizi adresinizden \u00fccretsiz olarak al\u0131yor, nakliye ve depolama i\u015flemlerini g\u00fcvenli bir \u015fekilde ger\u00e7ekle\u015ftiriyor, i\u015flemlerinizi en k\u0131sa s\u00fcrede tamaml\u0131yoruz.<br \/>\n&#8211; Biz, \u00d6zt\u00fcrk Geri D\u00f6n\u00fc\u015f\u00fcm olarak, bal\u0131kesir hurda ve geri d\u00f6n\u00fc\u015f\u00fcm hizmetleri konusunda \u00e7evre dostu ve sorumlu bir firmay\u0131z. Hurda ve geri d\u00f6n\u00fc\u015f\u00fcm hizmetlerimiz sayesinde, do\u011fal kaynaklar\u0131n verimli kullan\u0131lmas\u0131na, enerji tasarrufuna, karbon sal\u0131n\u0131m\u0131n\u0131n azalt\u0131lmas\u0131na ve at\u0131k y\u00f6netiminin iyile\u015ftirilmesine katk\u0131da bulunuyoruz.[\/vc_column_text][vc_row_inner][vc_column_inner width=&#8221;1\/2&#8243;][vc_column_text]Misyonumuz:<\/p>\n<p><span style=\"color: #666666;\">\u00d6zt\u00fcrk Metal ve Geri D\u00f6n\u00fc\u015f\u00fcm Merkezi olarak vizyonumuz;<br \/>\n\u0130leri teknikleri ve son teknolojileri kullanarak, Ar-Ge \u00e7al\u0131\u015fmalar\u0131m\u0131z\u0131 s\u00fcrekli artt\u0131rarak; d\u00fcnya pazarlar\u0131nda kabul g\u00f6ren en y\u00fcksek standartlara sahip kaliteli \u00fcr\u00fcnlerimizle uluslar aras\u0131 bir marka olmak ve hurda al\u0131m, sat\u0131m ve geri d\u00f6n\u00fc\u015f\u00fcm konusunda s\u00fcrekli yenilik\u00e7i \u00e7\u00f6z\u00fcmler \u00fcretmektir.<br \/>\n<\/span>[\/vc_column_text][\/vc_column_inner][vc_column_inner width=&#8221;1\/2&#8243;][vc_column_text]Vizyonumuz;<\/p>\n<p><span style=\"color: #666666;\">\u00d6zt\u00fcrk Metal ve Geri D\u00f6n\u00fc\u015f\u00fcm Merkezi olarak vizyonumuz;<br \/>\n35 y\u0131l\u0131 a\u015fan ge\u00e7mi\u015fimizde olu\u015fturdu\u011fumuz kurumsal de\u011ferlerimizi koruyup yeni y\u00fczy\u0131l\u0131n rekabet ortam\u0131nda da en iyi hizmeti ve en kaliteli \u00fcr\u00fcnleri yeni teknolojilerle donat\u0131lm\u0131\u015f tesisimizde, tecr\u00fcbeli ve \u00e7al\u0131\u015fkanl\u0131klar\u0131yla gurur duydu\u011fumuz de\u011ferli \u00e7al\u0131\u015fanlar\u0131m\u0131z ile birlikte \u00fclkesine ve m\u00fc\u015fterilerine de\u011fer katan, sekt\u00f6r\u00fcnde takip edilen firma olabilmektir.<br \/>\n<\/span>[\/vc_column_text][\/vc_column_inner][\/vc_row_inner][vc_row_inner][vc_column_inner offset=&#8221;vc_col-lg-4&#8243;]<div class=\"clr\"><ul id=\"cz_15663\" class=\"cz_15663 cz_stylish_list clr cz_sl_icon_hover_zoom_out\"><li class=\"clr\"><div class=\"cz_sl_icon\"><i class=\"fa fa-check mr10\"><\/i><\/div><div><span>Kalite standartlar\u0131na uygun.<\/span><\/div><\/li><li class=\"clr\"><div class=\"cz_sl_icon\"><i class=\"fa fa-check mr10\"><\/i><\/div><div><span>Teknolojik ve yenilikci.<\/span><\/div><\/li><\/ul><\/div>[\/vc_column_inner][vc_column_inner offset=&#8221;vc_col-lg-4&#8243;]<div class=\"clr\"><ul id=\"cz_62961\" class=\"cz_62961 cz_stylish_list clr cz_sl_icon_hover_zoom_out\"><li class=\"clr\"><div class=\"cz_sl_icon\"><i class=\"fa fa-check mr10\"><\/i><\/div><div><span>Gen\u00e7 ve Dinamik.<\/span><\/div><\/li><li class=\"clr\"><div class=\"cz_sl_icon\"><i class=\"fa fa-check mr10\"><\/i><\/div><div><span>Etik kurallara uygun.<\/span><\/div><\/li><\/ul><\/div>[\/vc_column_inner][vc_column_inner offset=&#8221;vc_col-lg-4&#8243;]<div class=\"clr\"><ul id=\"cz_47458\" class=\"cz_47458 cz_stylish_list clr cz_sl_icon_hover_zoom_out\"><li class=\"clr\"><div class=\"cz_sl_icon\"><i class=\"fa fa-check mr10\"><\/i><\/div><div><span>Tecr\u00fcbeli personel.<\/span><\/div><\/li><li class=\"clr\"><div class=\"cz_sl_icon\"><i class=\"fa fa-check mr10\"><\/i><\/div><div><span>Ula\u015f\u0131labilirlik.<\/span><\/div><\/li><\/ul><\/div>[\/vc_column_inner][\/vc_row_inner][\/vc_column][\/vc_row][vc_row][vc_column][\/vc_column][\/vc_row][vc_row][vc_column]<div class=\"cz_gap clr  hide_on_tablet hide_on_mobile\" style=\"height: 120px\"><\/div><div class=\"cz_gap show_on_tablet clr \" style=\"height: 60px\"><\/div>[\/vc_column][\/vc_row][vc_row][vc_column offset=&#8221;vc_col-lg-6&#8243;]<div class=\"cz_gap clr  hide_on_tablet hide_on_mobile\" style=\"height: 1px\"><\/div><div class=\"cz_gap show_on_tablet clr \" style=\"height: 40px\"><\/div>[vc_single_image image=&#8221;1342&#8243; img_size=&#8221;510&#215;440&#8243;][\/vc_column][vc_column offset=&#8221;vc_col-lg-6&#8243;]<div id=\"cz_72442\" class=\"cz_72442 cz_title clr cz_title_pos_inline\"><div class=\"cz_title_shape shape_text cz_shape_1\">\u00d6zt\u00fcrk Metal<\/div><div class=\"cz_title_content\"><span class=\"cz_line_side_solo\">_<\/span><div class=\"cz_wpe_content\"><h3><span style=\"font-size: 40px;\">Neden <span style=\"color: #e10005;\">Biz <\/span>?<\/span><\/h3>\n<p><span style=\"color: #808080;\">Bizi tercih etmeniz i\u00e7in birka\u00e7 sebep..<\/span><\/p>\n<\/div><\/div><\/div>[vc_column_text css=&#8221;.vc_custom_1739521043178{margin-bottom: 20px !important;}&#8221;]<span style=\"color: #666666;\">Bal\u0131kesir Hurdac\u0131, Hurdac\u0131 Bal\u0131kesir, Bal\u0131kesir Hurda Fiyatlar\u0131, Bal\u0131kesir Hurda Fiyatlar\u0131, Demir Hurda Al\u0131m\u0131, Bal\u0131kesir Hurda Al\u0131m\u0131<\/span>[\/vc_column_text]<div class=\"cz_gap clr  hide_on_mobile\" style=\"height: 30px\"><\/div><div class=\"cz_gap show_on_mobile clr\" style=\"height: 0px\"><\/div><div id=\"cz_77445\" class=\"cz_77445 progress_bar pbar2\"><span><b>100%<\/b><\/span><p>Uygun Fiyat<\/p><\/div><div id=\"cz_15239\" class=\"cz_15239 progress_bar pbar2\"><span><b>100%<\/b><\/span><p>G\u00fcvenilir<\/p><\/div><div id=\"cz_92325\" class=\"cz_92325 progress_bar pbar2\"><span><b>100%<\/b><\/span><p>D\u00fcr\u00fcst \u0130\u015f Ahlak\u0131<\/p><\/div><div id=\"cz_79081\" class=\"cz_79081 progress_bar pbar2\"><span><b>100%<\/b><\/span><p>De\u011ferlere Sayg\u0131l\u0131<\/p><\/div><div class=\"cz_gap clr  hide_on_tablet hide_on_mobile\" style=\"height: 1px\"><\/div><div class=\"cz_gap show_on_tablet clr \" style=\"height: 30px\"><\/div><div class=\"cz_gap clr  hide_on_tablet hide_on_mobile\" style=\"height: 100px\"><\/div><div class=\"cz_gap show_on_tablet clr  show_only_tablet\" style=\"height: 50px\"><\/div><div class=\"cz_gap show_on_mobile clr\" style=\"height: 0px\"><\/div>[\/vc_column][\/vc_row]<\/p>\n<\/div>","protected":false},"excerpt":{"rendered":"<p>[vc_row][vc_column][\/vc_column][\/vc_row][vc_row][vc_column offset=&#8221;vc_col-lg-3 vc_col-md-3&#8243;][\/vc_column][vc_column offset=&#8221;vc_col-lg-9 vc_col-md-9&#8243;][vc_column_text]- Biz, \u00d6zt\u00fcrk Geri D\u00f6n\u00fc\u015f\u00fcm olarak, bal\u0131kesir &#8230; <\/p>\n","protected":false},"author":1,"featured_media":0,"parent":0,"menu_order":0,"comment_status":"closed","ping_status":"closed","template":"","meta":{"footnotes":""},"class_list":["post-14","page","type-page","status-publish","hentry"],"yoast_head":"<!-- This site is optimized with the Yoast SEO plugin v26.8 - https:\/\/yoast.com\/product\/yoast-seo-wordpress\/ -->\n<title>Bal\u0131kesir Hurdac\u0131, \u00d6zt\u00fcrk Metal Geri D\u00f6n\u00fc\u015f\u00fcm, Hurdac\u0131 Bal\u0131kesir<\/title>\n<meta name=\"description\" content=\"Bal\u0131kesir Hurdac\u0131, \u00d6zt\u00fcrk Metal Geri D\u00f6n\u00fc\u015f\u00fcm, Hurdac\u0131 Bal\u0131kesir, Bal\u0131kesir Hurdac\u0131lar\u0131, Bak\u0131r Hurda, Sar\u0131 Hurda, Nikel Hurda, Nikel Hurda\" \/>\n<meta name=\"robots\" content=\"index, follow, max-snippet:-1, max-image-preview:large, max-video-preview:-1\" \/>\n<link rel=\"canonical\" href=\"https:\/\/balikesirhurdaci.com.tr\/web\/balikesir-hurdaci-ozturk-metal-geri-donusum-3\/\" \/>\n<meta property=\"og:locale\" content=\"tr_TR\" \/>\n<meta property=\"og:type\" content=\"article\" \/>\n<meta property=\"og:title\" content=\"Bal\u0131kesir Hurdac\u0131, \u00d6zt\u00fcrk Metal Geri D\u00f6n\u00fc\u015f\u00fcm, Hurdac\u0131 Bal\u0131kesir\" \/>\n<meta property=\"og:description\" content=\"Bal\u0131kesir Hurdac\u0131, \u00d6zt\u00fcrk Metal Geri D\u00f6n\u00fc\u015f\u00fcm, Hurdac\u0131 Bal\u0131kesir, Bal\u0131kesir Hurdac\u0131lar\u0131, Bak\u0131r Hurda, Sar\u0131 Hurda, Nikel Hurda, Nikel Hurda\" \/>\n<meta property=\"og:url\" content=\"https:\/\/balikesirhurdaci.com.tr\/web\/balikesir-hurdaci-ozturk-metal-geri-donusum-3\/\" \/>\n<meta property=\"og:site_name\" content=\"\u00d6zt\u00fcrk Metal Geri D\u00f6n\u00fc\u015f\u00fcm\" \/>\n<meta property=\"article:publisher\" content=\"https:\/\/www.facebook.com\/people\/zturk-metal-ve-hurdalk\/100045541495638\/\" \/>\n<meta property=\"article:modified_time\" content=\"2025-02-14T08:17:29+00:00\" \/>\n<meta property=\"og:image\" content=\"https:\/\/balikesirhurdaci.com.tr\/web\/wp-content\/uploads\/2022\/12\/logoom.png\" \/>\n\t<meta property=\"og:image:width\" content=\"250\" \/>\n\t<meta property=\"og:image:height\" content=\"100\" \/>\n\t<meta property=\"og:image:type\" content=\"image\/png\" \/>\n<meta name=\"twitter:card\" content=\"summary_large_image\" \/>\n<meta name=\"twitter:label1\" content=\"Tahmini okuma s\u00fcresi\" \/>\n\t<meta name=\"twitter:data1\" content=\"3 dakika\" \/>\n<script type=\"application\/ld+json\" class=\"yoast-schema-graph\">{\"@context\":\"https:\/\/schema.org\",\"@graph\":[{\"@type\":\"WebPage\",\"@id\":\"https:\/\/balikesirhurdaci.com.tr\/web\/balikesir-hurdaci-ozturk-metal-geri-donusum-3\/\",\"url\":\"https:\/\/balikesirhurdaci.com.tr\/web\/balikesir-hurdaci-ozturk-metal-geri-donusum-3\/\",\"name\":\"Bal\u0131kesir Hurdac\u0131, \u00d6zt\u00fcrk Metal Geri D\u00f6n\u00fc\u015f\u00fcm, Hurdac\u0131 Bal\u0131kesir\",\"isPartOf\":{\"@id\":\"https:\/\/balikesirhurdaci.com.tr\/web\/#website\"},\"datePublished\":\"2017-06-10T08:24:41+00:00\",\"dateModified\":\"2025-02-14T08:17:29+00:00\",\"description\":\"Bal\u0131kesir Hurdac\u0131, \u00d6zt\u00fcrk Metal Geri D\u00f6n\u00fc\u015f\u00fcm, Hurdac\u0131 Bal\u0131kesir, Bal\u0131kesir Hurdac\u0131lar\u0131, Bak\u0131r Hurda, Sar\u0131 Hurda, Nikel Hurda, Nikel Hurda\",\"breadcrumb\":{\"@id\":\"https:\/\/balikesirhurdaci.com.tr\/web\/balikesir-hurdaci-ozturk-metal-geri-donusum-3\/#breadcrumb\"},\"inLanguage\":\"tr\",\"potentialAction\":[{\"@type\":\"ReadAction\",\"target\":[\"https:\/\/balikesirhurdaci.com.tr\/web\/balikesir-hurdaci-ozturk-metal-geri-donusum-3\/\"]}]},{\"@type\":\"BreadcrumbList\",\"@id\":\"https:\/\/balikesirhurdaci.com.tr\/web\/balikesir-hurdaci-ozturk-metal-geri-donusum-3\/#breadcrumb\",\"itemListElement\":[{\"@type\":\"ListItem\",\"position\":1,\"name\":\"Home\",\"item\":\"https:\/\/balikesirhurdaci.com.tr\/web\/\"},{\"@type\":\"ListItem\",\"position\":2,\"name\":\"Kurumsal\"}]},{\"@type\":\"WebSite\",\"@id\":\"https:\/\/balikesirhurdaci.com.tr\/web\/#website\",\"url\":\"https:\/\/balikesirhurdaci.com.tr\/web\/\",\"name\":\"\u00d6zt\u00fcrk Metal Geri D\u00f6n\u00fc\u015f\u00fcm - Bal\u0131kesir Hurdac\u0131\",\"description\":\"\",\"publisher\":{\"@id\":\"https:\/\/balikesirhurdaci.com.tr\/web\/#organization\"},\"potentialAction\":[{\"@type\":\"SearchAction\",\"target\":{\"@type\":\"EntryPoint\",\"urlTemplate\":\"https:\/\/balikesirhurdaci.com.tr\/web\/?s={search_term_string}\"},\"query-input\":{\"@type\":\"PropertyValueSpecification\",\"valueRequired\":true,\"valueName\":\"search_term_string\"}}],\"inLanguage\":\"tr\"},{\"@type\":\"Organization\",\"@id\":\"https:\/\/balikesirhurdaci.com.tr\/web\/#organization\",\"name\":\"Bal\u0131kesir Hurdac\u0131\",\"url\":\"https:\/\/balikesirhurdaci.com.tr\/web\/\",\"logo\":{\"@type\":\"ImageObject\",\"inLanguage\":\"tr\",\"@id\":\"https:\/\/balikesirhurdaci.com.tr\/web\/#\/schema\/logo\/image\/\",\"url\":\"https:\/\/balikesirhurdaci.com.tr\/web\/wp-content\/uploads\/2022\/12\/logoom.png\",\"contentUrl\":\"https:\/\/balikesirhurdaci.com.tr\/web\/wp-content\/uploads\/2022\/12\/logoom.png\",\"width\":250,\"height\":100,\"caption\":\"Bal\u0131kesir Hurdac\u0131\"},\"image\":{\"@id\":\"https:\/\/balikesirhurdaci.com.tr\/web\/#\/schema\/logo\/image\/\"},\"sameAs\":[\"https:\/\/www.facebook.com\/people\/zturk-metal-ve-hurdalk\/100045541495638\/\"]}]}<\/script>\n<!-- \/ Yoast SEO plugin. -->","yoast_head_json":{"title":"Bal\u0131kesir Hurdac\u0131, \u00d6zt\u00fcrk Metal Geri D\u00f6n\u00fc\u015f\u00fcm, Hurdac\u0131 Bal\u0131kesir","description":"Bal\u0131kesir Hurdac\u0131, \u00d6zt\u00fcrk Metal Geri D\u00f6n\u00fc\u015f\u00fcm, Hurdac\u0131 Bal\u0131kesir, Bal\u0131kesir Hurdac\u0131lar\u0131, Bak\u0131r Hurda, Sar\u0131 Hurda, Nikel Hurda, Nikel Hurda","robots":{"index":"index","follow":"follow","max-snippet":"max-snippet:-1","max-image-preview":"max-image-preview:large","max-video-preview":"max-video-preview:-1"},"canonical":"https:\/\/balikesirhurdaci.com.tr\/web\/balikesir-hurdaci-ozturk-metal-geri-donusum-3\/","og_locale":"tr_TR","og_type":"article","og_title":"Bal\u0131kesir Hurdac\u0131, \u00d6zt\u00fcrk Metal Geri D\u00f6n\u00fc\u015f\u00fcm, Hurdac\u0131 Bal\u0131kesir","og_description":"Bal\u0131kesir Hurdac\u0131, \u00d6zt\u00fcrk Metal Geri D\u00f6n\u00fc\u015f\u00fcm, Hurdac\u0131 Bal\u0131kesir, Bal\u0131kesir Hurdac\u0131lar\u0131, Bak\u0131r Hurda, Sar\u0131 Hurda, Nikel Hurda, Nikel Hurda","og_url":"https:\/\/balikesirhurdaci.com.tr\/web\/balikesir-hurdaci-ozturk-metal-geri-donusum-3\/","og_site_name":"\u00d6zt\u00fcrk Metal Geri D\u00f6n\u00fc\u015f\u00fcm","article_publisher":"https:\/\/www.facebook.com\/people\/zturk-metal-ve-hurdalk\/100045541495638\/","article_modified_time":"2025-02-14T08:17:29+00:00","og_image":[{"width":250,"height":100,"url":"https:\/\/balikesirhurdaci.com.tr\/web\/wp-content\/uploads\/2022\/12\/logoom.png","type":"image\/png"}],"twitter_card":"summary_large_image","twitter_misc":{"Tahmini okuma s\u00fcresi":"3 dakika"},"schema":{"@context":"https:\/\/schema.org","@graph":[{"@type":"WebPage","@id":"https:\/\/balikesirhurdaci.com.tr\/web\/balikesir-hurdaci-ozturk-metal-geri-donusum-3\/","url":"https:\/\/balikesirhurdaci.com.tr\/web\/balikesir-hurdaci-ozturk-metal-geri-donusum-3\/","name":"Bal\u0131kesir Hurdac\u0131, \u00d6zt\u00fcrk Metal Geri D\u00f6n\u00fc\u015f\u00fcm, Hurdac\u0131 Bal\u0131kesir","isPartOf":{"@id":"https:\/\/balikesirhurdaci.com.tr\/web\/#website"},"datePublished":"2017-06-10T08:24:41+00:00","dateModified":"2025-02-14T08:17:29+00:00","description":"Bal\u0131kesir Hurdac\u0131, \u00d6zt\u00fcrk Metal Geri D\u00f6n\u00fc\u015f\u00fcm, Hurdac\u0131 Bal\u0131kesir, Bal\u0131kesir Hurdac\u0131lar\u0131, Bak\u0131r Hurda, Sar\u0131 Hurda, Nikel Hurda, Nikel Hurda","breadcrumb":{"@id":"https:\/\/balikesirhurdaci.com.tr\/web\/balikesir-hurdaci-ozturk-metal-geri-donusum-3\/#breadcrumb"},"inLanguage":"tr","potentialAction":[{"@type":"ReadAction","target":["https:\/\/balikesirhurdaci.com.tr\/web\/balikesir-hurdaci-ozturk-metal-geri-donusum-3\/"]}]},{"@type":"BreadcrumbList","@id":"https:\/\/balikesirhurdaci.com.tr\/web\/balikesir-hurdaci-ozturk-metal-geri-donusum-3\/#breadcrumb","itemListElement":[{"@type":"ListItem","position":1,"name":"Home","item":"https:\/\/balikesirhurdaci.com.tr\/web\/"},{"@type":"ListItem","position":2,"name":"Kurumsal"}]},{"@type":"WebSite","@id":"https:\/\/balikesirhurdaci.com.tr\/web\/#website","url":"https:\/\/balikesirhurdaci.com.tr\/web\/","name":"\u00d6zt\u00fcrk Metal Geri D\u00f6n\u00fc\u015f\u00fcm - Bal\u0131kesir Hurdac\u0131","description":"","publisher":{"@id":"https:\/\/balikesirhurdaci.com.tr\/web\/#organization"},"potentialAction":[{"@type":"SearchAction","target":{"@type":"EntryPoint","urlTemplate":"https:\/\/balikesirhurdaci.com.tr\/web\/?s={search_term_string}"},"query-input":{"@type":"PropertyValueSpecification","valueRequired":true,"valueName":"search_term_string"}}],"inLanguage":"tr"},{"@type":"Organization","@id":"https:\/\/balikesirhurdaci.com.tr\/web\/#organization","name":"Bal\u0131kesir Hurdac\u0131","url":"https:\/\/balikesirhurdaci.com.tr\/web\/","logo":{"@type":"ImageObject","inLanguage":"tr","@id":"https:\/\/balikesirhurdaci.com.tr\/web\/#\/schema\/logo\/image\/","url":"https:\/\/balikesirhurdaci.com.tr\/web\/wp-content\/uploads\/2022\/12\/logoom.png","contentUrl":"https:\/\/balikesirhurdaci.com.tr\/web\/wp-content\/uploads\/2022\/12\/logoom.png","width":250,"height":100,"caption":"Bal\u0131kesir Hurdac\u0131"},"image":{"@id":"https:\/\/balikesirhurdaci.com.tr\/web\/#\/schema\/logo\/image\/"},"sameAs":["https:\/\/www.facebook.com\/people\/zturk-metal-ve-hurdalk\/100045541495638\/"]}]}},"_links":{"self":[{"href":"https:\/\/balikesirhurdaci.com.tr\/web\/wp-json\/wp\/v2\/pages\/14","targetHints":{"allow":["GET"]}}],"collection":[{"href":"https:\/\/balikesirhurdaci.com.tr\/web\/wp-json\/wp\/v2\/pages"}],"about":[{"href":"https:\/\/balikesirhurdaci.com.tr\/web\/wp-json\/wp\/v2\/types\/page"}],"author":[{"embeddable":true,"href":"https:\/\/balikesirhurdaci.com.tr\/web\/wp-json\/wp\/v2\/users\/1"}],"replies":[{"embeddable":true,"href":"https:\/\/balikesirhurdaci.com.tr\/web\/wp-json\/wp\/v2\/comments?post=14"}],"version-history":[{"count":11,"href":"https:\/\/balikesirhurdaci.com.tr\/web\/wp-json\/wp\/v2\/pages\/14\/revisions"}],"predecessor-version":[{"id":1637,"href":"https:\/\/balikesirhurdaci.com.tr\/web\/wp-json\/wp\/v2\/pages\/14\/revisions\/1637"}],"wp:attachment":[{"href":"https:\/\/balikesirhurdaci.com.tr\/web\/wp-json\/wp\/v2\/media?parent=14"}],"curies":[{"name":"wp","href":"https:\/\/api.w.org\/{rel}","templated":true}]}}