{"id":17,"date":"2017-06-10T08:25:36","date_gmt":"2017-06-10T08:25:36","guid":{"rendered":"http:\/\/xtratheme.combuilding\/?page_id=8"},"modified":"2025-03-04T13:27:39","modified_gmt":"2025-03-04T10:27:39","slug":"balikesir-hurdaci-ozturk-metal-geri-donusum-2","status":"publish","type":"page","link":"https:\/\/balikesirhurdaci.com.tr\/web\/balikesir-hurdaci-ozturk-metal-geri-donusum-2\/","title":{"rendered":"Hizmetlerim"},"content":{"rendered":"<div class=\"wpb-content-wrapper\"><p>[vc_row][vc_column]<div class=\"cz_gap clr  hide_on_tablet hide_on_mobile\" style=\"height: 60px\"><\/div><div class=\"cz_gap show_on_tablet clr  show_only_tablet\" style=\"height: 50px\"><\/div><div class=\"cz_gap show_on_mobile clr\" style=\"height: 50px\"><\/div>[\/vc_column][\/vc_row][vc_row][vc_column offset=&#8221;vc_col-lg-4&#8243;]<div class=\"cz_gap clr  hide_on_tablet hide_on_mobile\" style=\"height: 25px\"><\/div><div class=\"cz_gap show_on_tablet clr \" style=\"height: 0px\"><\/div><div id=\"cz_29318\" class=\"cz_29318 cz_title clr cz_title_pos_inline\"><div class=\"cz_title_shape shape_text cz_shape_1\">\u00d6zt\u00fcrk Metal<\/div><div class=\"cz_title_content\"><span class=\"cz_line_side_solo\">_<\/span><div class=\"cz_wpe_content\"><h3><span style=\"font-size: 36px;\">Hizmetlerimiz <span style=\"color: #e10005;\">.<\/span><\/span><\/h3>\n<\/div><\/div><\/div>[vc_column_text]<span style=\"color: #666666;\">Bal\u0131kesir merkez, il\u00e7eler ve \u00e7evre illerdeki t\u00fcm al\u00fcminyum hurdas\u0131, bak\u0131r hurdas\u0131, demir hurdas\u0131, krom hurdas\u0131, sar\u0131 hurda, beyaz e\u015fya hurdas\u0131, Elektronik e\u015fya hurdas\u0131, pvc pencere hurdas\u0131, pvc boru hurdas\u0131, bak\u0131r kablo hurdas\u0131, elektrik kablo hurdas\u0131, makina hurdas\u0131, araba motoru hurdas\u0131, bisiklet hurdas\u0131, motosiklet hurdas\u0131<\/span>\u00a0<span style=\"color: #e10005;\"><strong>Al\u0131m &#8211; Sat\u0131m ve Geri D\u00f6n\u00fc\u015f\u00fcm\u00a0<\/strong><\/span>[\/vc_column_text]<div class=\"cz_gap clr  hide_on_tablet hide_on_mobile\" style=\"height: 25px\"><\/div><div class=\"cz_gap show_on_tablet clr  show_only_tablet\" style=\"height: 0px\"><\/div><div class=\"cz_gap show_on_mobile clr\" style=\"height: 0px\"><\/div><div class=\"\"><div class=\"cz_82187_p\"><a id=\"cz_82187\" class=\"cz_82187 cz_btn cz_btn_txt_move_down cz_btn_zoom_in cz_mobile_btn_center\" href=\"https:\/\/balikesirhurdaci.com.tr\/web\/iletisim\/\"><span><i class=\"far fa-building\"><\/i><strong>\u0130leti\u015fim<\/strong><\/span><b class=\"cz_btn_onhover\"><i class=\"far fa-building\"><\/i><strong>Teklif Al !<\/strong><\/b><\/a><\/div><\/div><div class=\"cz_gap clr  hide_on_tablet hide_on_mobile\" style=\"height: 0px\"><\/div><div class=\"cz_gap show_on_tablet clr  show_only_tablet\" style=\"height: 60px\"><\/div><div class=\"cz_gap show_on_mobile clr\" style=\"height: 60px\"><\/div>[\/vc_column][vc_column width=&#8221;1\/2&#8243; offset=&#8221;vc_col-lg-4&#8243;]<a href=\"#\"><div id=\"cz_45120\" data-position=\"top-right\" class=\"cz_45120 cz_image clr cz_image_no_fx center_on_mobile\"><div class=\"\" ><div class=\"cz_image_in\"><div class=\"cz_main_image\"><img fetchpriority=\"high\" fetchpriority=\"high\" loading=\"eager\" decoding=\"sync\" data-no-lazy=\"1\" width=\"600\" height=\"454\" src=\"https:\/\/balikesirhurdaci.com.tr\/web\/wp-content\/uploads\/2022\/12\/bakir-hurda.jpg\" class=\"attachment-full\" alt=\"Bak\u0131r hurda\" title=\"bak\u0131r hurda\" srcset=\"https:\/\/balikesirhurdaci.com.tr\/web\/wp-content\/uploads\/2022\/12\/bakir-hurda.jpg 600w, https:\/\/balikesirhurdaci.com.tr\/web\/wp-content\/uploads\/2022\/12\/bakir-hurda-300x227.jpg 300w\" sizes=\"(max-width: 600px) 100vw, 600px\"  \/><\/div><\/div><div class=\"cz_image_caption mt10 cz_wpe_content\"><h4><span style=\"color: #333333;\">Bak\u0131r &amp;<\/span>\u00a0<span style=\"color: #e10005;\">Hurdas\u0131<\/span><\/h4>\n<p><span style=\"color: #666666;\">\u00d6zt\u00fcrk Metal olarak Bal\u0131kesirde Bak\u0131r hurdas\u0131 almaktay\u0131z.<\/span><\/p>\n<\/div><\/div><\/div><\/a>[\/vc_column][vc_column width=&#8221;1\/2&#8243; offset=&#8221;vc_col-lg-4&#8243;]<a href=\"#\"><div id=\"cz_105828\" data-position=\"top-right\" class=\"cz_105828 cz_image clr cz_image_no_fx center_on_mobile\"><div class=\"\" ><div class=\"cz_image_in\"><div class=\"cz_main_image\"><img loading=\"lazy\" decoding=\"async\" width=\"600\" height=\"454\" src=\"https:\/\/balikesirhurdaci.com.tr\/web\/wp-content\/uploads\/2022\/12\/aluminyum.jpg\" class=\"attachment-full\" alt=\"Al\u00fcminyum\" title=\"al\u00fcminyum\" srcset=\"https:\/\/balikesirhurdaci.com.tr\/web\/wp-content\/uploads\/2022\/12\/aluminyum.jpg 600w, https:\/\/balikesirhurdaci.com.tr\/web\/wp-content\/uploads\/2022\/12\/aluminyum-300x227.jpg 300w\" sizes=\"auto, (max-width: 600px) 100vw, 600px\" loading=\"lazy\" \/><\/div><\/div><div class=\"cz_image_caption mt10 cz_wpe_content\"><h4><span style=\"color: #333333;\">Al\u00fcminyum<\/span>\u00a0<span style=\"color: #e10005;\">Hurdas\u0131<\/span><\/h4>\n<p><span style=\"color: #666666;\">\u00d6zt\u00fcrk Metal olarak Bal\u0131kesir de Al\u00fcminyum hurdas\u0131 almaktay\u0131z.<\/span><\/p>\n<\/div><\/div><\/div><\/a>[\/vc_column][\/vc_row][vc_row][vc_column width=&#8221;1\/2&#8243; offset=&#8221;vc_col-lg-4&#8243;]<a href=\"#\"><div id=\"cz_79016\" data-position=\"top-right\" class=\"cz_79016 cz_image clr cz_image_no_fx center_on_mobile\"><div class=\"\" ><div class=\"cz_image_in\"><div class=\"cz_main_image\"><img loading=\"lazy\" decoding=\"async\" width=\"600\" height=\"454\" src=\"https:\/\/balikesirhurdaci.com.tr\/web\/wp-content\/uploads\/2022\/12\/demirhurdasi.jpg\" class=\"attachment-full\" alt=\"Demirhurdas\u0131\" title=\"demirhurdas\u0131\" srcset=\"https:\/\/balikesirhurdaci.com.tr\/web\/wp-content\/uploads\/2022\/12\/demirhurdasi.jpg 600w, https:\/\/balikesirhurdaci.com.tr\/web\/wp-content\/uploads\/2022\/12\/demirhurdasi-300x227.jpg 300w\" sizes=\"auto, (max-width: 600px) 100vw, 600px\" loading=\"lazy\" \/><\/div><\/div><div class=\"cz_image_caption mt10 cz_wpe_content\"><h4><span style=\"color: #333333;\">Demir<\/span>\u00a0<span style=\"color: #e10005;\">Hurdas\u0131<\/span><\/h4>\n<p>\u00d6zt\u00fcrk Metal olarak Bal\u0131kesir de Demir hurdalar\u0131n\u0131 almaktay\u0131z.<\/p>\n<\/div><\/div><\/div><\/a><a href=\"#\"><div id=\"cz_81716\" data-position=\"top-right\" class=\"cz_81716 cz_image clr cz_image_no_fx center_on_mobile\"><div class=\"\" ><div class=\"cz_image_in\"><div class=\"cz_main_image\"><img loading=\"lazy\" decoding=\"async\" width=\"600\" height=\"454\" src=\"https:\/\/balikesirhurdaci.com.tr\/web\/wp-content\/uploads\/2022\/12\/nikel-hurda.jpg\" class=\"attachment-full\" alt=\"Nikel hurda\" title=\"nikel hurda\" srcset=\"https:\/\/balikesirhurdaci.com.tr\/web\/wp-content\/uploads\/2022\/12\/nikel-hurda.jpg 600w, https:\/\/balikesirhurdaci.com.tr\/web\/wp-content\/uploads\/2022\/12\/nikel-hurda-300x227.jpg 300w\" sizes=\"auto, (max-width: 600px) 100vw, 600px\" loading=\"lazy\" \/><\/div><\/div><div class=\"cz_image_caption mt10 cz_wpe_content\"><h4><span style=\"color: #333333;\">Nikel<\/span>\u00a0<span style=\"color: #e10005;\">Hurdas\u0131<\/span><\/h4>\n<p>\u00d6zt\u00fcrk Metal olarak Bal\u0131kesir de Nikel hurdas\u0131 ve t\u00fcm hurdalar\u0131 almaktay\u0131z.<\/p>\n<\/div><\/div><\/div><\/a><a href=\"#\"><div id=\"cz_36348\" data-position=\"top-right\" class=\"cz_36348 cz_image clr cz_image_no_fx center_on_mobile\"><div class=\"\" ><div class=\"cz_image_in\"><div class=\"cz_main_image\"><img loading=\"lazy\" decoding=\"async\" width=\"600\" height=\"454\" src=\"https:\/\/balikesirhurdaci.com.tr\/web\/wp-content\/uploads\/2022\/12\/elektrik-hurdasi.jpg\" class=\"attachment-full\" alt=\"Elektrik hurdas\u0131\" title=\"elektrik hurdas\u0131\" srcset=\"https:\/\/balikesirhurdaci.com.tr\/web\/wp-content\/uploads\/2022\/12\/elektrik-hurdasi.jpg 600w, https:\/\/balikesirhurdaci.com.tr\/web\/wp-content\/uploads\/2022\/12\/elektrik-hurdasi-300x227.jpg 300w\" sizes=\"auto, (max-width: 600px) 100vw, 600px\" loading=\"lazy\" \/><\/div><\/div><div class=\"cz_image_caption mt10 cz_wpe_content\"><h4><span style=\"color: #333333;\">Elektrik E\u015fyas\u0131<\/span>\u00a0<span style=\"color: #e10005;\">Hurdas\u0131<\/span><\/h4>\n<p>\u00d6zt\u00fcrk Metal olarak Bal\u0131kesir de elektrik e\u015fyas\u0131 hurdas\u0131 ve t\u00fcm hurdalar\u0131 almaktay\u0131z.<\/p>\n<\/div><\/div><\/div><\/a>[\/vc_column][vc_column width=&#8221;1\/2&#8243; offset=&#8221;vc_col-lg-4&#8243;]<a href=\"#\"><div id=\"cz_31185\" data-position=\"top-right\" class=\"cz_31185 cz_image clr cz_image_no_fx center_on_mobile\"><div class=\"\" ><div class=\"cz_image_in\"><div class=\"cz_main_image\"><img loading=\"lazy\" decoding=\"async\" width=\"600\" height=\"454\" src=\"https:\/\/balikesirhurdaci.com.tr\/web\/wp-content\/uploads\/2022\/12\/princ-hurda.jpg\" class=\"attachment-full\" alt=\"Prin\u00e7 hurda\" title=\"prin\u00e7 hurda\" srcset=\"https:\/\/balikesirhurdaci.com.tr\/web\/wp-content\/uploads\/2022\/12\/princ-hurda.jpg 600w, https:\/\/balikesirhurdaci.com.tr\/web\/wp-content\/uploads\/2022\/12\/princ-hurda-300x227.jpg 300w\" sizes=\"auto, (max-width: 600px) 100vw, 600px\" loading=\"lazy\" \/><\/div><\/div><div class=\"cz_image_caption mt10 cz_wpe_content\"><h4><span style=\"color: #333333;\">Sar\u0131<\/span>\u00a0<span style=\"color: #e10005;\">Hurda<\/span><\/h4>\n<p>\u00d6zt\u00fcrk Metal olarak Bal\u0131kesir de Prin\u00e7 hurda ve t\u00fcm hurdalar\u0131n\u0131 almaktay\u0131z.<\/p>\n<\/div><\/div><\/div><\/a><a href=\"#\"><div id=\"cz_20304\" data-position=\"top-right\" class=\"cz_20304 cz_image clr cz_image_no_fx center_on_mobile\"><div class=\"\" ><div class=\"cz_image_in\"><div class=\"cz_main_image\"><img loading=\"lazy\" decoding=\"async\" width=\"600\" height=\"454\" src=\"https:\/\/balikesirhurdaci.com.tr\/web\/wp-content\/uploads\/2022\/12\/cinko-hurda.jpg\" class=\"attachment-full\" alt=\"\u00e7inko hurda\" srcset=\"https:\/\/balikesirhurdaci.com.tr\/web\/wp-content\/uploads\/2022\/12\/cinko-hurda.jpg 600w, https:\/\/balikesirhurdaci.com.tr\/web\/wp-content\/uploads\/2022\/12\/cinko-hurda-300x227.jpg 300w\" sizes=\"auto, (max-width: 600px) 100vw, 600px\" loading=\"lazy\" \/><\/div><\/div><div class=\"cz_image_caption mt10 cz_wpe_content\"><h4><span style=\"color: #333333;\">\u00c7inko<\/span>\u00a0<span style=\"color: #e10005;\">Hurda<\/span><\/h4>\n<p>\u00d6zt\u00fcrk Metal olarak Bal\u0131kesir de \u00c7inko hurdas\u0131 ve t\u00fcm hurdalar\u0131 almaktay\u0131z.<\/p>\n<\/div><\/div><\/div><\/a><a href=\"#\"><div id=\"cz_61685\" data-position=\"top-right\" class=\"cz_61685 cz_image clr cz_image_no_fx center_on_mobile\"><div class=\"\" ><div class=\"cz_image_in\"><div class=\"cz_main_image\"><img loading=\"lazy\" decoding=\"async\" width=\"600\" height=\"454\" src=\"https:\/\/balikesirhurdaci.com.tr\/web\/wp-content\/uploads\/2022\/12\/pvc-hurda.jpg\" class=\"attachment-full\" alt=\"Pvc hurda\" title=\"pvc hurda\" srcset=\"https:\/\/balikesirhurdaci.com.tr\/web\/wp-content\/uploads\/2022\/12\/pvc-hurda.jpg 600w, https:\/\/balikesirhurdaci.com.tr\/web\/wp-content\/uploads\/2022\/12\/pvc-hurda-300x227.jpg 300w\" sizes=\"auto, (max-width: 600px) 100vw, 600px\" loading=\"lazy\" \/><\/div><\/div><div class=\"cz_image_caption mt10 cz_wpe_content\"><h4><span style=\"color: #333333;\">PVC\u00a0 <\/span><span style=\"color: #e10005;\">Hurdas\u0131<\/span><\/h4>\n<p>\u00d6zt\u00fcrk Metal olarak Bal\u0131kesir de PVC\u00a0 hurdas\u0131 ve t\u00fcm hurdalar\u0131 almaktay\u0131z.<\/p>\n<\/div><\/div><\/div><\/a>[\/vc_column][vc_column width=&#8221;1\/2&#8243; offset=&#8221;vc_col-lg-4&#8243;]<a href=\"#\"><div id=\"cz_59894\" data-position=\"top-right\" class=\"cz_59894 cz_image clr cz_image_no_fx center_on_mobile\"><div class=\"\" ><div class=\"cz_image_in\"><div class=\"cz_main_image\"><img loading=\"lazy\" decoding=\"async\" width=\"600\" height=\"454\" src=\"https:\/\/balikesirhurdaci.com.tr\/web\/wp-content\/uploads\/2022\/12\/krom-hurdasi.jpg\" class=\"attachment-full\" alt=\"Krom hurdas\u0131\" title=\"krom hurdas\u0131\" srcset=\"https:\/\/balikesirhurdaci.com.tr\/web\/wp-content\/uploads\/2022\/12\/krom-hurdasi.jpg 600w, https:\/\/balikesirhurdaci.com.tr\/web\/wp-content\/uploads\/2022\/12\/krom-hurdasi-300x227.jpg 300w\" sizes=\"auto, (max-width: 600px) 100vw, 600px\" loading=\"lazy\" \/><\/div><\/div><div class=\"cz_image_caption mt10 cz_wpe_content\"><h4><span style=\"color: #333333;\">Krom<\/span>\u00a0<span style=\"color: #e10005;\">Hurdas\u0131<\/span><\/h4>\n<p>\u00d6zt\u00fcrk Metal olarak Bal\u0131kesir de Krom hurdas\u0131 ve t\u00fcm hurdalar\u0131 almaktay\u0131z.<\/p>\n<\/div><\/div><\/div><\/a><a href=\"#\"><div id=\"cz_31814\" data-position=\"top-right\" class=\"cz_31814 cz_image clr cz_image_no_fx center_on_mobile\"><div class=\"\" ><div class=\"cz_image_in\"><div class=\"cz_main_image\"><img loading=\"lazy\" decoding=\"async\" width=\"600\" height=\"454\" src=\"https:\/\/balikesirhurdaci.com.tr\/web\/wp-content\/uploads\/2022\/12\/arabahurdasi.jpg\" class=\"attachment-full\" alt=\"Arabahurdas\u0131\" title=\"arabahurdas\u0131\" srcset=\"https:\/\/balikesirhurdaci.com.tr\/web\/wp-content\/uploads\/2022\/12\/arabahurdasi.jpg 600w, https:\/\/balikesirhurdaci.com.tr\/web\/wp-content\/uploads\/2022\/12\/arabahurdasi-300x227.jpg 300w\" sizes=\"auto, (max-width: 600px) 100vw, 600px\" loading=\"lazy\" \/><\/div><\/div><div class=\"cz_image_caption mt10 cz_wpe_content\"><h4><span style=\"color: #333333;\">Ara\u00e7<\/span>\u00a0<span style=\"color: #e10005;\">Hurdas\u0131 Al\u0131m\u0131<\/span><\/h4>\n<p>\u00d6zt\u00fcrk Metal olarak Bal\u0131kesir de T\u00fcm ara\u00e7 motor ve par\u00e7as\u0131 hurdas\u0131 almaktay\u0131z.<\/p>\n<\/div><\/div><\/div><\/a><a href=\"#\"><div id=\"cz_48428\" data-position=\"top-right\" class=\"cz_48428 cz_image clr cz_image_no_fx center_on_mobile\"><div class=\"\" ><div class=\"cz_image_in\"><div class=\"cz_main_image\"><img loading=\"lazy\" decoding=\"async\" width=\"600\" height=\"454\" src=\"https:\/\/balikesirhurdaci.com.tr\/web\/wp-content\/uploads\/2022\/12\/kablo-hurda.jpg\" class=\"attachment-full\" alt=\"Kablo hurda\" title=\"kablo hurda\" srcset=\"https:\/\/balikesirhurdaci.com.tr\/web\/wp-content\/uploads\/2022\/12\/kablo-hurda.jpg 600w, https:\/\/balikesirhurdaci.com.tr\/web\/wp-content\/uploads\/2022\/12\/kablo-hurda-300x227.jpg 300w\" sizes=\"auto, (max-width: 600px) 100vw, 600px\" loading=\"lazy\" \/><\/div><\/div><div class=\"cz_image_caption mt10 cz_wpe_content\"><h4><span style=\"color: #333333;\">Kablo<\/span>\u00a0<span style=\"color: #e10005;\">Hurdas\u0131 Al\u0131m\u0131<\/span><\/h4>\n<p>\u00d6zt\u00fcrk Metal olarak Bal\u0131kesir de Kablo hurdas\u0131 almaktay\u0131z.<\/p>\n<\/div><\/div><\/div><\/a>[\/vc_column][\/vc_row]<\/p>\n<\/div>","protected":false},"excerpt":{"rendered":"<p>[vc_row][vc_column][\/vc_column][\/vc_row][vc_row][vc_column offset=&#8221;vc_col-lg-4&#8243;][vc_column_text]Bal\u0131kesir merkez, il\u00e7eler ve \u00e7evre illerdeki t\u00fcm al\u00fcminyum hurdas\u0131, bak\u0131r &#8230; <\/p>\n","protected":false},"author":1,"featured_media":0,"parent":0,"menu_order":0,"comment_status":"closed","ping_status":"closed","template":"","meta":{"footnotes":""},"class_list":["post-17","page","type-page","status-publish","hentry"],"yoast_head":"<!-- This site is optimized with the Yoast SEO plugin v26.8 - https:\/\/yoast.com\/product\/yoast-seo-wordpress\/ -->\n<title>Bal\u0131kesir Hurdac\u0131, \u00d6zt\u00fcrk Metal Geri D\u00f6n\u00fc\u015f\u00fcm, Hurdac\u0131 Bal\u0131kesir<\/title>\n<meta name=\"description\" content=\"Bal\u0131kesir Hurdac\u0131, \u00d6zt\u00fcrk Metal Geri D\u00f6n\u00fc\u015f\u00fcm, Hurdac\u0131 Bal\u0131kesir, Bal\u0131kesir Hurdac\u0131lar\u0131, Bak\u0131r Hurda, Sar\u0131 Hurda, Nikel Hurda, Nikel Hurda\" \/>\n<meta name=\"robots\" content=\"index, follow, max-snippet:-1, max-image-preview:large, max-video-preview:-1\" \/>\n<link rel=\"canonical\" href=\"https:\/\/balikesirhurdaci.com.tr\/web\/balikesir-hurdaci-ozturk-metal-geri-donusum-2\/\" \/>\n<meta property=\"og:locale\" content=\"tr_TR\" \/>\n<meta property=\"og:type\" content=\"article\" \/>\n<meta property=\"og:title\" content=\"Bal\u0131kesir Hurdac\u0131, \u00d6zt\u00fcrk Metal Geri D\u00f6n\u00fc\u015f\u00fcm, Hurdac\u0131 Bal\u0131kesir\" \/>\n<meta property=\"og:description\" content=\"Bal\u0131kesir Hurdac\u0131, \u00d6zt\u00fcrk Metal Geri D\u00f6n\u00fc\u015f\u00fcm, Hurdac\u0131 Bal\u0131kesir, Bal\u0131kesir Hurdac\u0131lar\u0131, Bak\u0131r Hurda, Sar\u0131 Hurda, Nikel Hurda, Nikel Hurda\" \/>\n<meta property=\"og:url\" content=\"https:\/\/balikesirhurdaci.com.tr\/web\/balikesir-hurdaci-ozturk-metal-geri-donusum-2\/\" \/>\n<meta property=\"og:site_name\" content=\"\u00d6zt\u00fcrk Metal Geri D\u00f6n\u00fc\u015f\u00fcm\" \/>\n<meta property=\"article:publisher\" content=\"https:\/\/www.facebook.com\/people\/zturk-metal-ve-hurdalk\/100045541495638\/\" \/>\n<meta property=\"article:modified_time\" content=\"2025-03-04T10:27:39+00:00\" \/>\n<meta property=\"og:image\" content=\"https:\/\/balikesirhurdaci.com.tr\/web\/wp-content\/uploads\/2022\/12\/logoom.png\" \/>\n\t<meta property=\"og:image:width\" content=\"250\" \/>\n\t<meta property=\"og:image:height\" content=\"100\" \/>\n\t<meta property=\"og:image:type\" content=\"image\/png\" \/>\n<meta name=\"twitter:card\" content=\"summary_large_image\" \/>\n<meta name=\"twitter:label1\" content=\"Tahmini okuma s\u00fcresi\" \/>\n\t<meta name=\"twitter:data1\" content=\"3 dakika\" \/>\n<script type=\"application\/ld+json\" class=\"yoast-schema-graph\">{\"@context\":\"https:\/\/schema.org\",\"@graph\":[{\"@type\":\"WebPage\",\"@id\":\"https:\/\/balikesirhurdaci.com.tr\/web\/balikesir-hurdaci-ozturk-metal-geri-donusum-2\/\",\"url\":\"https:\/\/balikesirhurdaci.com.tr\/web\/balikesir-hurdaci-ozturk-metal-geri-donusum-2\/\",\"name\":\"Bal\u0131kesir Hurdac\u0131, \u00d6zt\u00fcrk Metal Geri D\u00f6n\u00fc\u015f\u00fcm, Hurdac\u0131 Bal\u0131kesir\",\"isPartOf\":{\"@id\":\"https:\/\/balikesirhurdaci.com.tr\/web\/#website\"},\"datePublished\":\"2017-06-10T08:25:36+00:00\",\"dateModified\":\"2025-03-04T10:27:39+00:00\",\"description\":\"Bal\u0131kesir Hurdac\u0131, \u00d6zt\u00fcrk Metal Geri D\u00f6n\u00fc\u015f\u00fcm, Hurdac\u0131 Bal\u0131kesir, Bal\u0131kesir Hurdac\u0131lar\u0131, Bak\u0131r Hurda, Sar\u0131 Hurda, Nikel Hurda, Nikel Hurda\",\"breadcrumb\":{\"@id\":\"https:\/\/balikesirhurdaci.com.tr\/web\/balikesir-hurdaci-ozturk-metal-geri-donusum-2\/#breadcrumb\"},\"inLanguage\":\"tr\",\"potentialAction\":[{\"@type\":\"ReadAction\",\"target\":[\"https:\/\/balikesirhurdaci.com.tr\/web\/balikesir-hurdaci-ozturk-metal-geri-donusum-2\/\"]}]},{\"@type\":\"BreadcrumbList\",\"@id\":\"https:\/\/balikesirhurdaci.com.tr\/web\/balikesir-hurdaci-ozturk-metal-geri-donusum-2\/#breadcrumb\",\"itemListElement\":[{\"@type\":\"ListItem\",\"position\":1,\"name\":\"Home\",\"item\":\"https:\/\/balikesirhurdaci.com.tr\/web\/\"},{\"@type\":\"ListItem\",\"position\":2,\"name\":\"Hizmetlerim\"}]},{\"@type\":\"WebSite\",\"@id\":\"https:\/\/balikesirhurdaci.com.tr\/web\/#website\",\"url\":\"https:\/\/balikesirhurdaci.com.tr\/web\/\",\"name\":\"\u00d6zt\u00fcrk Metal Geri D\u00f6n\u00fc\u015f\u00fcm - Bal\u0131kesir Hurdac\u0131\",\"description\":\"\",\"publisher\":{\"@id\":\"https:\/\/balikesirhurdaci.com.tr\/web\/#organization\"},\"potentialAction\":[{\"@type\":\"SearchAction\",\"target\":{\"@type\":\"EntryPoint\",\"urlTemplate\":\"https:\/\/balikesirhurdaci.com.tr\/web\/?s={search_term_string}\"},\"query-input\":{\"@type\":\"PropertyValueSpecification\",\"valueRequired\":true,\"valueName\":\"search_term_string\"}}],\"inLanguage\":\"tr\"},{\"@type\":\"Organization\",\"@id\":\"https:\/\/balikesirhurdaci.com.tr\/web\/#organization\",\"name\":\"Bal\u0131kesir Hurdac\u0131\",\"url\":\"https:\/\/balikesirhurdaci.com.tr\/web\/\",\"logo\":{\"@type\":\"ImageObject\",\"inLanguage\":\"tr\",\"@id\":\"https:\/\/balikesirhurdaci.com.tr\/web\/#\/schema\/logo\/image\/\",\"url\":\"https:\/\/balikesirhurdaci.com.tr\/web\/wp-content\/uploads\/2022\/12\/logoom.png\",\"contentUrl\":\"https:\/\/balikesirhurdaci.com.tr\/web\/wp-content\/uploads\/2022\/12\/logoom.png\",\"width\":250,\"height\":100,\"caption\":\"Bal\u0131kesir Hurdac\u0131\"},\"image\":{\"@id\":\"https:\/\/balikesirhurdaci.com.tr\/web\/#\/schema\/logo\/image\/\"},\"sameAs\":[\"https:\/\/www.facebook.com\/people\/zturk-metal-ve-hurdalk\/100045541495638\/\"]}]}<\/script>\n<!-- \/ Yoast SEO plugin. -->","yoast_head_json":{"title":"Bal\u0131kesir Hurdac\u0131, \u00d6zt\u00fcrk Metal Geri D\u00f6n\u00fc\u015f\u00fcm, Hurdac\u0131 Bal\u0131kesir","description":"Bal\u0131kesir Hurdac\u0131, \u00d6zt\u00fcrk Metal Geri D\u00f6n\u00fc\u015f\u00fcm, Hurdac\u0131 Bal\u0131kesir, Bal\u0131kesir Hurdac\u0131lar\u0131, Bak\u0131r Hurda, Sar\u0131 Hurda, Nikel Hurda, Nikel Hurda","robots":{"index":"index","follow":"follow","max-snippet":"max-snippet:-1","max-image-preview":"max-image-preview:large","max-video-preview":"max-video-preview:-1"},"canonical":"https:\/\/balikesirhurdaci.com.tr\/web\/balikesir-hurdaci-ozturk-metal-geri-donusum-2\/","og_locale":"tr_TR","og_type":"article","og_title":"Bal\u0131kesir Hurdac\u0131, \u00d6zt\u00fcrk Metal Geri D\u00f6n\u00fc\u015f\u00fcm, Hurdac\u0131 Bal\u0131kesir","og_description":"Bal\u0131kesir Hurdac\u0131, \u00d6zt\u00fcrk Metal Geri D\u00f6n\u00fc\u015f\u00fcm, Hurdac\u0131 Bal\u0131kesir, Bal\u0131kesir Hurdac\u0131lar\u0131, Bak\u0131r Hurda, Sar\u0131 Hurda, Nikel Hurda, Nikel Hurda","og_url":"https:\/\/balikesirhurdaci.com.tr\/web\/balikesir-hurdaci-ozturk-metal-geri-donusum-2\/","og_site_name":"\u00d6zt\u00fcrk Metal Geri D\u00f6n\u00fc\u015f\u00fcm","article_publisher":"https:\/\/www.facebook.com\/people\/zturk-metal-ve-hurdalk\/100045541495638\/","article_modified_time":"2025-03-04T10:27:39+00:00","og_image":[{"width":250,"height":100,"url":"https:\/\/balikesirhurdaci.com.tr\/web\/wp-content\/uploads\/2022\/12\/logoom.png","type":"image\/png"}],"twitter_card":"summary_large_image","twitter_misc":{"Tahmini okuma s\u00fcresi":"3 dakika"},"schema":{"@context":"https:\/\/schema.org","@graph":[{"@type":"WebPage","@id":"https:\/\/balikesirhurdaci.com.tr\/web\/balikesir-hurdaci-ozturk-metal-geri-donusum-2\/","url":"https:\/\/balikesirhurdaci.com.tr\/web\/balikesir-hurdaci-ozturk-metal-geri-donusum-2\/","name":"Bal\u0131kesir Hurdac\u0131, \u00d6zt\u00fcrk Metal Geri D\u00f6n\u00fc\u015f\u00fcm, Hurdac\u0131 Bal\u0131kesir","isPartOf":{"@id":"https:\/\/balikesirhurdaci.com.tr\/web\/#website"},"datePublished":"2017-06-10T08:25:36+00:00","dateModified":"2025-03-04T10:27:39+00:00","description":"Bal\u0131kesir Hurdac\u0131, \u00d6zt\u00fcrk Metal Geri D\u00f6n\u00fc\u015f\u00fcm, Hurdac\u0131 Bal\u0131kesir, Bal\u0131kesir Hurdac\u0131lar\u0131, Bak\u0131r Hurda, Sar\u0131 Hurda, Nikel Hurda, Nikel Hurda","breadcrumb":{"@id":"https:\/\/balikesirhurdaci.com.tr\/web\/balikesir-hurdaci-ozturk-metal-geri-donusum-2\/#breadcrumb"},"inLanguage":"tr","potentialAction":[{"@type":"ReadAction","target":["https:\/\/balikesirhurdaci.com.tr\/web\/balikesir-hurdaci-ozturk-metal-geri-donusum-2\/"]}]},{"@type":"BreadcrumbList","@id":"https:\/\/balikesirhurdaci.com.tr\/web\/balikesir-hurdaci-ozturk-metal-geri-donusum-2\/#breadcrumb","itemListElement":[{"@type":"ListItem","position":1,"name":"Home","item":"https:\/\/balikesirhurdaci.com.tr\/web\/"},{"@type":"ListItem","position":2,"name":"Hizmetlerim"}]},{"@type":"WebSite","@id":"https:\/\/balikesirhurdaci.com.tr\/web\/#website","url":"https:\/\/balikesirhurdaci.com.tr\/web\/","name":"\u00d6zt\u00fcrk Metal Geri D\u00f6n\u00fc\u015f\u00fcm - Bal\u0131kesir Hurdac\u0131","description":"","publisher":{"@id":"https:\/\/balikesirhurdaci.com.tr\/web\/#organization"},"potentialAction":[{"@type":"SearchAction","target":{"@type":"EntryPoint","urlTemplate":"https:\/\/balikesirhurdaci.com.tr\/web\/?s={search_term_string}"},"query-input":{"@type":"PropertyValueSpecification","valueRequired":true,"valueName":"search_term_string"}}],"inLanguage":"tr"},{"@type":"Organization","@id":"https:\/\/balikesirhurdaci.com.tr\/web\/#organization","name":"Bal\u0131kesir Hurdac\u0131","url":"https:\/\/balikesirhurdaci.com.tr\/web\/","logo":{"@type":"ImageObject","inLanguage":"tr","@id":"https:\/\/balikesirhurdaci.com.tr\/web\/#\/schema\/logo\/image\/","url":"https:\/\/balikesirhurdaci.com.tr\/web\/wp-content\/uploads\/2022\/12\/logoom.png","contentUrl":"https:\/\/balikesirhurdaci.com.tr\/web\/wp-content\/uploads\/2022\/12\/logoom.png","width":250,"height":100,"caption":"Bal\u0131kesir Hurdac\u0131"},"image":{"@id":"https:\/\/balikesirhurdaci.com.tr\/web\/#\/schema\/logo\/image\/"},"sameAs":["https:\/\/www.facebook.com\/people\/zturk-metal-ve-hurdalk\/100045541495638\/"]}]}},"_links":{"self":[{"href":"https:\/\/balikesirhurdaci.com.tr\/web\/wp-json\/wp\/v2\/pages\/17","targetHints":{"allow":["GET"]}}],"collection":[{"href":"https:\/\/balikesirhurdaci.com.tr\/web\/wp-json\/wp\/v2\/pages"}],"about":[{"href":"https:\/\/balikesirhurdaci.com.tr\/web\/wp-json\/wp\/v2\/types\/page"}],"author":[{"embeddable":true,"href":"https:\/\/balikesirhurdaci.com.tr\/web\/wp-json\/wp\/v2\/users\/1"}],"replies":[{"embeddable":true,"href":"https:\/\/balikesirhurdaci.com.tr\/web\/wp-json\/wp\/v2\/comments?post=17"}],"version-history":[{"count":13,"href":"https:\/\/balikesirhurdaci.com.tr\/web\/wp-json\/wp\/v2\/pages\/17\/revisions"}],"predecessor-version":[{"id":1380,"href":"https:\/\/balikesirhurdaci.com.tr\/web\/wp-json\/wp\/v2\/pages\/17\/revisions\/1380"}],"wp:attachment":[{"href":"https:\/\/balikesirhurdaci.com.tr\/web\/wp-json\/wp\/v2\/media?parent=17"}],"curies":[{"name":"wp","href":"https:\/\/api.w.org\/{rel}","templated":true}]}}